{"id":1557586,"date":"2025-03-21T00:39:40","date_gmt":"2025-03-20T23:39:40","guid":{"rendered":"https:\/\/streetmarkets.fr\/app\/produit\/t-shirt-leopard\/"},"modified":"2026-05-01T01:39:29","modified_gmt":"2026-04-30T23:39:29","slug":"t-shirt-leopard","status":"publish","type":"product","link":"https:\/\/streetmarkets.fr\/app\/produit\/t-shirt-leopard\/","title":{"rendered":"T-SHIRT LEOPARD"},"content":{"rendered":"<p>T-SHIRT PRINT LEOPARD BORDURE JAUNE. FABRIQU\u00c9 EN ITALIE.<\/p>\n<p>COMPOSITION<strong> : <\/strong>100% COTON<\/p>\n<p>TAILLE \u00c9TIQUETTE : 44 IT \/ 40 FR<\/p>\n<p>(VOIR LES MESURES \u00c0 PLAT)<\/p>\n<p>VOUS POUVEZ VENIR ESSAYER CETTE PI\u00c8CE DANS NOTRE BOUTIQUE SITU\u00c9E \u00c0 PARIS.\u00a0<\/p>\n<p>MESURES \u00c0 PLAT : CARRURE 41CM POITRINE 46CM LONGUEUR 60CM<\/p>\n<p>CONDITIONS : TR\u00c8S BON \u00c9TAT<\/p>\n<p>N&#8217;OUBLIEZ PAS QU&#8217;IL S&#8217;AGIT D&#8217;UNE PI\u00c8CE VINTAGE RARE QUI A SOIGNEUSEMENT \u00c9T\u00c9 S\u00c9LECTIONN\u00c9E. LE TEMPS PEUT PARFOIS LAISSER DES PETITS D\u00c9FAUTS, CE QUI REND LA PI\u00c8CE ENCORE PLUS UNIQUE. MERCI DE L&#8217;AIMER TEL QU&#8217;ELLE EST &lt;3<\/p>\n","protected":false},"excerpt":{"rendered":"<p>T-SHIRT PRINT LEOPARD BORDURE JAUNE. FABRIQU\u00c9 EN ITALIE. COMPOSITION : 100% COTON TAILLE \u00c9TIQUETTE : 44 IT \/ 40 FR (VOIR LES MESURES \u00c0 PLAT) VOUS POUVEZ VENIR ESSAYER CETTE PI\u00c8CE DANS NOTRE BOUTIQUE SITU\u00c9E \u00c0 PARIS.\u00a0 MESURES \u00c0 PLAT : CARRURE 41CM POITRINE 46CM LONGUEUR 60CM CONDITIONS : TR\u00c8S BON \u00c9TAT N&#8217;OUBLIEZ PAS QU&#8217;IL [&hellip;]<\/p>\n","protected":false},"featured_media":1557587,"comment_status":"open","ping_status":"closed","template":"","meta":[],"product_brand":[],"product_cat":[1756,1758],"product_tag":[2122],"acf":[],"_links":{"self":[{"href":"https:\/\/streetmarkets.fr\/app\/wp-json\/wp\/v2\/product\/1557586"}],"collection":[{"href":"https:\/\/streetmarkets.fr\/app\/wp-json\/wp\/v2\/product"}],"about":[{"href":"https:\/\/streetmarkets.fr\/app\/wp-json\/wp\/v2\/types\/product"}],"replies":[{"embeddable":true,"href":"https:\/\/streetmarkets.fr\/app\/wp-json\/wp\/v2\/comments?post=1557586"}],"wp:featuredmedia":[{"embeddable":true,"href":"https:\/\/streetmarkets.fr\/app\/wp-json\/wp\/v2\/media\/1557587"}],"wp:attachment":[{"href":"https:\/\/streetmarkets.fr\/app\/wp-json\/wp\/v2\/media?parent=1557586"}],"wp:term":[{"taxonomy":"product_brand","embeddable":true,"href":"https:\/\/streetmarkets.fr\/app\/wp-json\/wp\/v2\/product_brand?post=1557586"},{"taxonomy":"product_cat","embeddable":true,"href":"https:\/\/streetmarkets.fr\/app\/wp-json\/wp\/v2\/product_cat?post=1557586"},{"taxonomy":"product_tag","embeddable":true,"href":"https:\/\/streetmarkets.fr\/app\/wp-json\/wp\/v2\/product_tag?post=1557586"}],"curies":[{"name":"wp","href":"https:\/\/api.w.org\/{rel}","templated":true}]}}