{"id":1557293,"date":"2025-03-20T05:51:58","date_gmt":"2025-03-20T04:51:58","guid":{"rendered":"https:\/\/streetmarkets.fr\/app\/produit\/short-en-jean-bleached-5440\/"},"modified":"2026-03-16T05:46:14","modified_gmt":"2026-03-16T04:46:14","slug":"short-en-jean-bleached-5440","status":"publish","type":"product","link":"https:\/\/streetmarkets.fr\/app\/produit\/short-en-jean-bleached-5440\/","title":{"rendered":"Short en Jean Bleached 5440"},"content":{"rendered":"<p><span style=\"font-weight: 400\">Ce <strong>short\u00a0en jean Bleached 5440<\/strong> de la marque <strong>Revolution <\/strong>est un choix parfait pour les hommes qui cherchent un<strong> style d\u00e9contract\u00e9 et estival<\/strong>.<\/span><\/p>\n<p><span style=\"font-weight: 400\">Avec sa coupe loose fit ample, il est tr\u00e8s <strong>confortable <\/strong>et facile \u00e0 porter, tout en restant \u00e9l\u00e9gant et <strong>moderne<\/strong>. <\/span><span style=\"font-weight: 400\">Le denim bleached ajoute une touche de couleur et de texture \u00e0 ce jean, qui \u00e9voque le <strong>style californien<\/strong> d\u00e9contract\u00e9.<\/span><\/p>\n<p><span style=\"font-weight: 400\">Les poches avant et arri\u00e8re sont bien con\u00e7ues et pratiques, offrant un espace de rangement pour tous vos essentiels. D\u00e9couvrez cet essentiel chez <strong>Harold<\/strong>, votre boutique <strong>mode homme \u00e0 Paris &#8211; Marais<\/strong>.<\/span><\/p>\n","protected":false},"excerpt":{"rendered":"<p>Ce short\u00a0en jean Bleached 5440 de la marque Revolution est un choix parfait pour les hommes qui cherchent un style d\u00e9contract\u00e9 et estival. Avec sa coupe loose fit ample, il est tr\u00e8s confortable et facile \u00e0 porter, tout en restant \u00e9l\u00e9gant et moderne. Le denim bleached ajoute une touche de couleur et de texture \u00e0 [&hellip;]<\/p>\n","protected":false},"featured_media":1557294,"comment_status":"open","ping_status":"closed","template":"","meta":[],"product_brand":[],"product_cat":[1756,1758],"product_tag":[2244],"acf":[],"_links":{"self":[{"href":"https:\/\/streetmarkets.fr\/app\/wp-json\/wp\/v2\/product\/1557293"}],"collection":[{"href":"https:\/\/streetmarkets.fr\/app\/wp-json\/wp\/v2\/product"}],"about":[{"href":"https:\/\/streetmarkets.fr\/app\/wp-json\/wp\/v2\/types\/product"}],"replies":[{"embeddable":true,"href":"https:\/\/streetmarkets.fr\/app\/wp-json\/wp\/v2\/comments?post=1557293"}],"wp:featuredmedia":[{"embeddable":true,"href":"https:\/\/streetmarkets.fr\/app\/wp-json\/wp\/v2\/media\/1557294"}],"wp:attachment":[{"href":"https:\/\/streetmarkets.fr\/app\/wp-json\/wp\/v2\/media?parent=1557293"}],"wp:term":[{"taxonomy":"product_brand","embeddable":true,"href":"https:\/\/streetmarkets.fr\/app\/wp-json\/wp\/v2\/product_brand?post=1557293"},{"taxonomy":"product_cat","embeddable":true,"href":"https:\/\/streetmarkets.fr\/app\/wp-json\/wp\/v2\/product_cat?post=1557293"},{"taxonomy":"product_tag","embeddable":true,"href":"https:\/\/streetmarkets.fr\/app\/wp-json\/wp\/v2\/product_tag?post=1557293"}],"curies":[{"name":"wp","href":"https:\/\/api.w.org\/{rel}","templated":true}]}}