{"id":1557275,"date":"2025-03-20T05:51:56","date_gmt":"2025-03-20T04:51:56","guid":{"rendered":"https:\/\/streetmarkets.fr\/app\/produit\/garrett-knitted-ss-shirt\/"},"modified":"2026-03-16T05:46:14","modified_gmt":"2026-03-16T04:46:14","slug":"garrett-knitted-ss-shirt","status":"publish","type":"product","link":"https:\/\/streetmarkets.fr\/app\/produit\/garrett-knitted-ss-shirt\/","title":{"rendered":"Garrett Knitted SS Shirt"},"content":{"rendered":"<p><!--td {border: 1px solid #cccccc;}br {mso-data-placement:same-cell;}--><\/p>\n<p><span data-sheets-root=\"1\" data-sheets-value=\"{&quot;1&quot;:2,&quot;2&quot;:&quot;D\u00e9couvrez la chemise Garret Knitted SS de Les Deux, disponible en bleu fonc\u00e9, blanc cass\u00e9 et marron. Inspir\u00e9e du style pr\u00e9ppy d'une \u00e9poque r\u00e9volue, cette chemise tricot\u00e9e fait son grand retour avec le mod\u00e8le Garrett.\\n\\nOrn\u00e9e de d\u00e9tails en c\u00e2ble, cette chemise pr\u00e9sente des ourlets c\u00f4tel\u00e9s qui compl\u00e8tent son look r\u00e9tro. Un indispensable d\u00e9contract\u00e9 pour l'\u00e9t\u00e9.\\n\\nCe mod\u00e8le a \u00e9t\u00e9 taill\u00e9 dans une longueur raccourcie, nous vous recommandons donc de choisir une taille sup\u00e9rieure \u00e0 votre taille habituelle.\\n\\nOptez pour la chemise Garret Knitted SS de Les Deux pour un look d\u00e9contract\u00e9 et sophistiqu\u00e9 cet \u00e9t\u00e9. Avec ses d\u00e9tails en c\u00e2ble et sa coupe r\u00e9guli\u00e8re, cette chemise est un choix \u00e9l\u00e9gant et confortable pour les journ\u00e9es estivales.&quot;}\" data-sheets-userformat='{\"2\":897,\"3\":{\"1\":0},\"10\":1,\"11\":4,\"12\":0}'>D\u00e9couvrez la <strong>Garret Knitted SS Shirt<\/strong> de la marque<strong> Les Deux<\/strong>, disponible en bleu fonc\u00e9, blanc cass\u00e9 et marron. Inspir\u00e9e du <strong>style pr\u00e9ppy<\/strong> d&#8217;une \u00e9poque r\u00e9volue, cette <strong>chemise tricot\u00e9e \u00e0 manches courtes<\/strong> fait son grand retour avec le mod\u00e8le Garrett.<\/p>\n<p>Orn\u00e9e de d\u00e9tails, cette chemise pr\u00e9sente des<strong> ourlets c\u00f4tel\u00e9s<\/strong> qui compl\u00e8tent son<strong> look r\u00e9tro<\/strong>. Un indispensable d\u00e9contract\u00e9 pour l&#8217;\u00e9t\u00e9.<\/p>\n<p>Optez pour la <strong>chemise Garret Knitted SS<\/strong> de Les Deux pour un <strong>look d\u00e9contract\u00e9 et sophistiqu\u00e9<\/strong> cet \u00e9t\u00e9. Avec ses d\u00e9tails en c\u00e2ble et sa coupe r\u00e9guli\u00e8re, cette chemise est un choix<strong> \u00e9l\u00e9gant et confortable <\/strong>pour les journ\u00e9es estivales : disponible d\u00e8s maintenant chez <strong>Harold.<\/strong><\/span><\/p>\n","protected":false},"excerpt":{"rendered":"<p>D\u00e9couvrez la Garret Knitted SS Shirt de la marque Les Deux, disponible en bleu fonc\u00e9, blanc cass\u00e9 et marron. Inspir\u00e9e du style pr\u00e9ppy d&#8217;une \u00e9poque r\u00e9volue, cette chemise tricot\u00e9e \u00e0 manches courtes fait son grand retour avec le mod\u00e8le Garrett. Orn\u00e9e de d\u00e9tails, cette chemise pr\u00e9sente des ourlets c\u00f4tel\u00e9s qui compl\u00e8tent son look r\u00e9tro. Un [&hellip;]<\/p>\n","protected":false},"featured_media":1557276,"comment_status":"open","ping_status":"closed","template":"","meta":[],"product_brand":[],"product_cat":[1756,1758],"product_tag":[2244],"acf":[],"_links":{"self":[{"href":"https:\/\/streetmarkets.fr\/app\/wp-json\/wp\/v2\/product\/1557275"}],"collection":[{"href":"https:\/\/streetmarkets.fr\/app\/wp-json\/wp\/v2\/product"}],"about":[{"href":"https:\/\/streetmarkets.fr\/app\/wp-json\/wp\/v2\/types\/product"}],"replies":[{"embeddable":true,"href":"https:\/\/streetmarkets.fr\/app\/wp-json\/wp\/v2\/comments?post=1557275"}],"wp:featuredmedia":[{"embeddable":true,"href":"https:\/\/streetmarkets.fr\/app\/wp-json\/wp\/v2\/media\/1557276"}],"wp:attachment":[{"href":"https:\/\/streetmarkets.fr\/app\/wp-json\/wp\/v2\/media?parent=1557275"}],"wp:term":[{"taxonomy":"product_brand","embeddable":true,"href":"https:\/\/streetmarkets.fr\/app\/wp-json\/wp\/v2\/product_brand?post=1557275"},{"taxonomy":"product_cat","embeddable":true,"href":"https:\/\/streetmarkets.fr\/app\/wp-json\/wp\/v2\/product_cat?post=1557275"},{"taxonomy":"product_tag","embeddable":true,"href":"https:\/\/streetmarkets.fr\/app\/wp-json\/wp\/v2\/product_tag?post=1557275"}],"curies":[{"name":"wp","href":"https:\/\/api.w.org\/{rel}","templated":true}]}}