{"id":1557224,"date":"2025-03-20T05:51:52","date_gmt":"2025-03-20T04:51:52","guid":{"rendered":"https:\/\/streetmarkets.fr\/app\/produit\/knit-sweater\/"},"modified":"2026-03-16T05:46:14","modified_gmt":"2026-03-16T04:46:14","slug":"knit-sweater","status":"publish","type":"product","link":"https:\/\/streetmarkets.fr\/app\/produit\/knit-sweater\/","title":{"rendered":"Knit Sweater 6009"},"content":{"rendered":"<p><!--td {border: 1px solid #cccccc;}br {mso-data-placement:same-cell;}--><\/p>\n<p><span data-sheets-root=\"1\">D\u00e9couvrez le <strong>pull Knit Sweater 6009<\/strong> de la marque <strong>Revolution<\/strong>, disponible en Blue (bleu clair chin\u00e9) et Khaki (vert chin\u00e9) : un incontournable de la boutique <strong>Harold<\/strong>, parfait pour une garde-robe polyvalente et tendance.\u00a0<\/span><\/p>\n<p><span data-sheets-root=\"1\">Ce <strong>pull \u00e0 col rond<\/strong> et coupe r\u00e9guli\u00e8re est <strong>tricot\u00e9 <\/strong>dans une maille perl\u00e9e \u00e0 partir d&#8217;un fil m\u00e9lang\u00e9 en coton biologique color\u00e9 de 7 jauges.\u00a0Sa texture multicolore et ses d\u00e9tails c\u00f4tel\u00e9s discrets apportent une touche chic et d\u00e9contract\u00e9e \u00e0 votre look.\u00a0<\/span><\/p>\n<p><span data-sheets-root=\"1\">Ce <strong>pull polyvalent<\/strong> est id\u00e9al pour accompagner vos tenues au quotidien, offrant \u00e0 la fois <strong>confort et style<\/strong>. Optez pour une mode \u00e9co-responsable avec le <strong>pull Knit Sweater 6009<\/strong> de <strong>Revolution<\/strong>, et affirmez votre engagement pour un avenir plus durable, tout en restant tendance et \u00e9l\u00e9gant.<\/span><\/p>\n","protected":false},"excerpt":{"rendered":"<p>D\u00e9couvrez le pull Knit Sweater 6009 de la marque Revolution, disponible en Blue (bleu clair chin\u00e9) et Khaki (vert chin\u00e9) : un incontournable de la boutique Harold, parfait pour une garde-robe polyvalente et tendance.\u00a0 Ce pull \u00e0 col rond et coupe r\u00e9guli\u00e8re est tricot\u00e9 dans une maille perl\u00e9e \u00e0 partir d&#8217;un fil m\u00e9lang\u00e9 en coton [&hellip;]<\/p>\n","protected":false},"featured_media":1557225,"comment_status":"open","ping_status":"closed","template":"","meta":[],"product_brand":[],"product_cat":[1756,1758],"product_tag":[2244],"acf":[],"_links":{"self":[{"href":"https:\/\/streetmarkets.fr\/app\/wp-json\/wp\/v2\/product\/1557224"}],"collection":[{"href":"https:\/\/streetmarkets.fr\/app\/wp-json\/wp\/v2\/product"}],"about":[{"href":"https:\/\/streetmarkets.fr\/app\/wp-json\/wp\/v2\/types\/product"}],"replies":[{"embeddable":true,"href":"https:\/\/streetmarkets.fr\/app\/wp-json\/wp\/v2\/comments?post=1557224"}],"wp:featuredmedia":[{"embeddable":true,"href":"https:\/\/streetmarkets.fr\/app\/wp-json\/wp\/v2\/media\/1557225"}],"wp:attachment":[{"href":"https:\/\/streetmarkets.fr\/app\/wp-json\/wp\/v2\/media?parent=1557224"}],"wp:term":[{"taxonomy":"product_brand","embeddable":true,"href":"https:\/\/streetmarkets.fr\/app\/wp-json\/wp\/v2\/product_brand?post=1557224"},{"taxonomy":"product_cat","embeddable":true,"href":"https:\/\/streetmarkets.fr\/app\/wp-json\/wp\/v2\/product_cat?post=1557224"},{"taxonomy":"product_tag","embeddable":true,"href":"https:\/\/streetmarkets.fr\/app\/wp-json\/wp\/v2\/product_tag?post=1557224"}],"curies":[{"name":"wp","href":"https:\/\/api.w.org\/{rel}","templated":true}]}}