{"id":1557208,"date":"2025-03-20T05:51:33","date_gmt":"2025-03-20T04:51:33","guid":{"rendered":"https:\/\/streetmarkets.fr\/app\/produit\/garland-embossed-t-shirt\/"},"modified":"2026-03-16T05:46:14","modified_gmt":"2026-03-16T04:46:14","slug":"garland-embossed-t-shirt","status":"publish","type":"product","link":"https:\/\/streetmarkets.fr\/app\/produit\/garland-embossed-t-shirt\/","title":{"rendered":"Garland Embossed T-Shirt"},"content":{"rendered":"<p><!--td {border: 1px solid #cccccc;}br {mso-data-placement:same-cell;}--><\/p>\n<p><span data-sheets-root=\"1\" data-sheets-value=\"{&quot;1&quot;:2,&quot;2&quot;:&quot;Ajoutez une touche d'originalit\u00e9 \u00e0 vos basiques avec le t-shirt Garland Embossed de SELECTED. Disponible en trois couleurs \u00e9l\u00e9gantes : Sky Captain, Chocolate Torte et Egret, ce t-shirt est fabriqu\u00e9 en coton biologique super doux et respirant, garantissant confort et durabilit\u00e9.\\n\\nSa coupe classique et son col ras du cou vous offre tout le confort n\u00e9cessaire, s'adaptant \u00e0 toutes les morphologies et \u00e0 toutes les tenues. Ses manches courtes sont id\u00e9ales pour les journ\u00e9es d\u00e9contract\u00e9es, toute saison confondue. La broderie sur la poitrine lui apporte une touche unique et originale.\\n\\nCe t-shirt est parfait pour un look d\u00e9contract\u00e9 mais soign\u00e9. Associez-le avec un jean, un bomber et des baskets pour un ensemble moderne et tendance. De plus, il est fabriqu\u00e9 en coton biologique, produit sans l'utilisation de produits chimiques nocifs, contribuant ainsi \u00e0 la pr\u00e9servation des ressources naturelles et de la biodiversit\u00e9.\\n\\nAdoptez un style raffin\u00e9 et responsable avec le t-shirt Garland Embossed de SELECTED, disponible chez Harold \u00e0 Paris.&quot;}\" data-sheets-userformat='{\"2\":897,\"3\":{\"1\":0},\"10\":1,\"11\":4,\"12\":0}'>Ajoutez une touche d&#8217;originalit\u00e9 \u00e0 vos basiques avec le<strong> t-shirt Garland Embossed <\/strong>de <strong>Selected<\/strong>. Disponible en trois couleurs \u00e9l\u00e9gantes : Sky Captain, Chocolate Torte et Egret, ce t-shirt est fabriqu\u00e9 en <strong>coton biologique super doux <\/strong>et respirant, garantissant confort et durabilit\u00e9.<\/p>\n<p>Sa <strong>coupe classique<\/strong> et son col ras du cou vous offre tout le confort n\u00e9cessaire, s&#8217;adaptant \u00e0 toutes les morphologies et \u00e0 toutes les tenues. Ses<strong> manches courtes <\/strong>sont id\u00e9ales pour les journ\u00e9es d\u00e9contract\u00e9es, toute saison confondue. La broderie sur la poitrine lui apporte une touche <strong>unique <\/strong>et originale.<\/p>\n<p>Ce t-shirt est parfait pour un <strong>look d\u00e9contract\u00e9 mais soign\u00e9<\/strong>. Associez-le avec un jean, un bomber et des baskets pour un ensemble moderne et tendance. Adoptez un<strong> style raffin\u00e9 et responsable<\/strong> avec le t-shirt Garland Embossed de <strong>Selected<\/strong>, disponible chez Harold \u00e0 Paris.<\/span><\/p>\n","protected":false},"excerpt":{"rendered":"<p>Ajoutez une touche d&#8217;originalit\u00e9 \u00e0 vos basiques avec le t-shirt Garland Embossed de Selected. Disponible en trois couleurs \u00e9l\u00e9gantes : Sky Captain, Chocolate Torte et Egret, ce t-shirt est fabriqu\u00e9 en coton biologique super doux et respirant, garantissant confort et durabilit\u00e9. Sa coupe classique et son col ras du cou vous offre tout le confort [&hellip;]<\/p>\n","protected":false},"featured_media":1557209,"comment_status":"open","ping_status":"closed","template":"","meta":[],"product_brand":[],"product_cat":[1756,1758],"product_tag":[2244],"acf":[],"_links":{"self":[{"href":"https:\/\/streetmarkets.fr\/app\/wp-json\/wp\/v2\/product\/1557208"}],"collection":[{"href":"https:\/\/streetmarkets.fr\/app\/wp-json\/wp\/v2\/product"}],"about":[{"href":"https:\/\/streetmarkets.fr\/app\/wp-json\/wp\/v2\/types\/product"}],"replies":[{"embeddable":true,"href":"https:\/\/streetmarkets.fr\/app\/wp-json\/wp\/v2\/comments?post=1557208"}],"wp:featuredmedia":[{"embeddable":true,"href":"https:\/\/streetmarkets.fr\/app\/wp-json\/wp\/v2\/media\/1557209"}],"wp:attachment":[{"href":"https:\/\/streetmarkets.fr\/app\/wp-json\/wp\/v2\/media?parent=1557208"}],"wp:term":[{"taxonomy":"product_brand","embeddable":true,"href":"https:\/\/streetmarkets.fr\/app\/wp-json\/wp\/v2\/product_brand?post=1557208"},{"taxonomy":"product_cat","embeddable":true,"href":"https:\/\/streetmarkets.fr\/app\/wp-json\/wp\/v2\/product_cat?post=1557208"},{"taxonomy":"product_tag","embeddable":true,"href":"https:\/\/streetmarkets.fr\/app\/wp-json\/wp\/v2\/product_tag?post=1557208"}],"curies":[{"name":"wp","href":"https:\/\/api.w.org\/{rel}","templated":true}]}}