{"id":1552454,"date":"2025-03-20T01:04:07","date_gmt":"2025-03-20T00:04:07","guid":{"rendered":"https:\/\/streetmarkets.fr\/app\/produit\/short-de-bain-s25-homme-wave-green\/"},"modified":"2026-05-10T01:58:47","modified_gmt":"2026-05-09T23:58:47","slug":"short-de-bain-s25-homme-wave-green","status":"publish","type":"product","link":"https:\/\/streetmarkets.fr\/app\/produit\/short-de-bain-s25-homme-wave-green\/","title":{"rendered":"Short de Bain (S25 \/ HOMME \/ Wave Green)"},"content":{"rendered":"<p>&#8211; Short maillot de bain Homme<br \/>\n<br \/>&#8211; Taille \u00e9lastiqu\u00e9e avec cordons<br \/>\n<br \/>&#8211; 1 poche plaqu\u00e9e \u00e0 rabat au dos<br \/>\n<br \/>&#8211; Coupe regular<\/p>\n","protected":false},"excerpt":{"rendered":"<p>&#8211; Short maillot de bain Homme &#8211; Taille \u00e9lastiqu\u00e9e avec cordons &#8211; 1 poche plaqu\u00e9e \u00e0 rabat au dos &#8211; Coupe regular<\/p>\n","protected":false},"featured_media":1552455,"comment_status":"open","ping_status":"closed","template":"","meta":[],"product_brand":[6868],"product_cat":[1756,1758],"product_tag":[2244],"acf":[],"_links":{"self":[{"href":"https:\/\/streetmarkets.fr\/app\/wp-json\/wp\/v2\/product\/1552454"}],"collection":[{"href":"https:\/\/streetmarkets.fr\/app\/wp-json\/wp\/v2\/product"}],"about":[{"href":"https:\/\/streetmarkets.fr\/app\/wp-json\/wp\/v2\/types\/product"}],"replies":[{"embeddable":true,"href":"https:\/\/streetmarkets.fr\/app\/wp-json\/wp\/v2\/comments?post=1552454"}],"wp:featuredmedia":[{"embeddable":true,"href":"https:\/\/streetmarkets.fr\/app\/wp-json\/wp\/v2\/media\/1552455"}],"wp:attachment":[{"href":"https:\/\/streetmarkets.fr\/app\/wp-json\/wp\/v2\/media?parent=1552454"}],"wp:term":[{"taxonomy":"product_brand","embeddable":true,"href":"https:\/\/streetmarkets.fr\/app\/wp-json\/wp\/v2\/product_brand?post=1552454"},{"taxonomy":"product_cat","embeddable":true,"href":"https:\/\/streetmarkets.fr\/app\/wp-json\/wp\/v2\/product_cat?post=1552454"},{"taxonomy":"product_tag","embeddable":true,"href":"https:\/\/streetmarkets.fr\/app\/wp-json\/wp\/v2\/product_tag?post=1552454"}],"curies":[{"name":"wp","href":"https:\/\/api.w.org\/{rel}","templated":true}]}}