{"id":1552414,"date":"2025-03-20T01:04:03","date_gmt":"2025-03-20T00:04:03","guid":{"rendered":"https:\/\/streetmarkets.fr\/app\/produit\/robe-longue-bretelles-esmee-s25-femme-blurry-night\/"},"modified":"2025-08-16T01:52:19","modified_gmt":"2025-08-15T23:52:19","slug":"robe-longue-bretelles-esmee-s25-femme-blurry-night","status":"publish","type":"product","link":"https:\/\/streetmarkets.fr\/app\/produit\/robe-longue-bretelles-esmee-s25-femme-blurry-night\/","title":{"rendered":"Robe Longue Bretelles Esm\u00e9e (S25 \/ FEMME \/ Blurry Night)"},"content":{"rendered":"<p>Orn\u00e9e d\u2019un imprim\u00e9 flout\u00e9, cette robe longue en satin de soie offre une silhouette fluide et \u00e9l\u00e9gante. Son d\u00e9collet\u00e9 en V est soulign\u00e9 d&#8217;un liser\u00e9 strass\u00e9 et de bretelles fines ajustables. \u00c0 porter avec une paire d&#8217;escarpins pour une allure affirm\u00e9e.<\/p>\n<p>&#8211; Robe longue en satin de soie Femme<br \/>\n<br \/>&#8211; Imprim\u00e9 flout\u00e9<br \/>\n<br \/>&#8211; Liser\u00e9 strass<br \/>\n<br \/>&#8211; D\u00e9collet\u00e9 en V<br \/>\n<br \/>&#8211; Bretelles fines ajustables<br \/>\n<br \/>&#8211; Jupe \u00e9vas\u00e9e<br \/>\n<br \/>&#8211; Coupe slim<\/p>\n","protected":false},"excerpt":{"rendered":"<p>Orn\u00e9e d\u2019un imprim\u00e9 flout\u00e9, cette robe longue en satin de soie offre une silhouette fluide et \u00e9l\u00e9gante. Son d\u00e9collet\u00e9 en V est soulign\u00e9 d&#8217;un liser\u00e9 strass\u00e9 et de bretelles fines ajustables. \u00c0 porter avec une paire d&#8217;escarpins pour une allure affirm\u00e9e. &#8211; Robe longue en satin de soie Femme &#8211; Imprim\u00e9 flout\u00e9 &#8211; Liser\u00e9 strass [&hellip;]<\/p>\n","protected":false},"featured_media":1552415,"comment_status":"open","ping_status":"closed","template":"","meta":[],"product_brand":[6868],"product_cat":[1756,1762],"product_tag":[2244],"acf":[],"_links":{"self":[{"href":"https:\/\/streetmarkets.fr\/app\/wp-json\/wp\/v2\/product\/1552414"}],"collection":[{"href":"https:\/\/streetmarkets.fr\/app\/wp-json\/wp\/v2\/product"}],"about":[{"href":"https:\/\/streetmarkets.fr\/app\/wp-json\/wp\/v2\/types\/product"}],"replies":[{"embeddable":true,"href":"https:\/\/streetmarkets.fr\/app\/wp-json\/wp\/v2\/comments?post=1552414"}],"wp:featuredmedia":[{"embeddable":true,"href":"https:\/\/streetmarkets.fr\/app\/wp-json\/wp\/v2\/media\/1552415"}],"wp:attachment":[{"href":"https:\/\/streetmarkets.fr\/app\/wp-json\/wp\/v2\/media?parent=1552414"}],"wp:term":[{"taxonomy":"product_brand","embeddable":true,"href":"https:\/\/streetmarkets.fr\/app\/wp-json\/wp\/v2\/product_brand?post=1552414"},{"taxonomy":"product_cat","embeddable":true,"href":"https:\/\/streetmarkets.fr\/app\/wp-json\/wp\/v2\/product_cat?post=1552414"},{"taxonomy":"product_tag","embeddable":true,"href":"https:\/\/streetmarkets.fr\/app\/wp-json\/wp\/v2\/product_tag?post=1552414"}],"curies":[{"name":"wp","href":"https:\/\/api.w.org\/{rel}","templated":true}]}}