{"id":1546883,"date":"2025-03-18T06:42:37","date_gmt":"2025-03-18T05:42:37","guid":{"rendered":"https:\/\/streetmarkets.fr\/app\/produit\/veste-camionneur\/"},"modified":"2025-04-23T07:42:04","modified_gmt":"2025-04-23T05:42:04","slug":"veste-camionneur","status":"publish","type":"product","link":"https:\/\/streetmarkets.fr\/app\/produit\/veste-camionneur\/","title":{"rendered":"VESTE CAMIONNEUR"},"content":{"rendered":"<p>EN PRECOMMANDE LIVRAISON SOUS 7 JOURS<\/p>\n<p>Description: <\/p>\n<p>Veste de camionneur surdimensionn\u00e9e \u00e0 l\u2019allure r\u00e9tro des ann\u00e9es 90. Avec ses nombreux patchs en chenille, ses points de couture en fil contrastant, ses poches passepoil\u00e9es \u00e9l\u00e9gantes et sa fermeture boutonn\u00e9e, cette pi\u00e8ce unique est l&#8217;essentiel mode \u00e0 ajouter \u00e0 votre garde-robe. Commandez-la en ligne d\u00e8s maintenant et adoptez un style audacieux et tendance.<\/p>\n<p><\/p>\n","protected":false},"excerpt":{"rendered":"<p>EN PRECOMMANDE LIVRAISON SOUS 7 JOURS Description: Veste de camionneur surdimensionn\u00e9e \u00e0 l\u2019allure r\u00e9tro des ann\u00e9es 90. Avec ses nombreux patchs en chenille, ses points de couture en fil contrastant, ses poches passepoil\u00e9es \u00e9l\u00e9gantes et sa fermeture boutonn\u00e9e, cette pi\u00e8ce unique est l&#8217;essentiel mode \u00e0 ajouter \u00e0 votre garde-robe. Commandez-la en ligne d\u00e8s maintenant et [&hellip;]<\/p>\n","protected":false},"featured_media":1546884,"comment_status":"open","ping_status":"closed","template":"","meta":[],"product_brand":[],"product_cat":[1756,1762],"product_tag":[1813],"acf":[],"_links":{"self":[{"href":"https:\/\/streetmarkets.fr\/app\/wp-json\/wp\/v2\/product\/1546883"}],"collection":[{"href":"https:\/\/streetmarkets.fr\/app\/wp-json\/wp\/v2\/product"}],"about":[{"href":"https:\/\/streetmarkets.fr\/app\/wp-json\/wp\/v2\/types\/product"}],"replies":[{"embeddable":true,"href":"https:\/\/streetmarkets.fr\/app\/wp-json\/wp\/v2\/comments?post=1546883"}],"wp:featuredmedia":[{"embeddable":true,"href":"https:\/\/streetmarkets.fr\/app\/wp-json\/wp\/v2\/media\/1546884"}],"wp:attachment":[{"href":"https:\/\/streetmarkets.fr\/app\/wp-json\/wp\/v2\/media?parent=1546883"}],"wp:term":[{"taxonomy":"product_brand","embeddable":true,"href":"https:\/\/streetmarkets.fr\/app\/wp-json\/wp\/v2\/product_brand?post=1546883"},{"taxonomy":"product_cat","embeddable":true,"href":"https:\/\/streetmarkets.fr\/app\/wp-json\/wp\/v2\/product_cat?post=1546883"},{"taxonomy":"product_tag","embeddable":true,"href":"https:\/\/streetmarkets.fr\/app\/wp-json\/wp\/v2\/product_tag?post=1546883"}],"curies":[{"name":"wp","href":"https:\/\/api.w.org\/{rel}","templated":true}]}}