{"id":1546875,"date":"2025-03-18T06:42:36","date_gmt":"2025-03-18T05:42:36","guid":{"rendered":"https:\/\/streetmarkets.fr\/app\/produit\/veste-universitaire-bright\/"},"modified":"2025-04-23T07:42:03","modified_gmt":"2025-04-23T05:42:03","slug":"veste-universitaire-bright","status":"publish","type":"product","link":"https:\/\/streetmarkets.fr\/app\/produit\/veste-universitaire-bright\/","title":{"rendered":"VESTE UNIVERSITAIRE BRIGHT"},"content":{"rendered":"<p>Description: <\/p>\n<p>Veste universitaire oversize classique des ann\u00e9es 90 \u00e0 coupe r\u00e9tro avec manches contrastantes et bordures c\u00f4tel\u00e9es \u00e0 rayures. Il est dot\u00e9 de patchs en chenille multiples au design exclusif avec points de cha\u00eene, d&#8217;un tissu en laine melton et de manches contrastantes en similicuir, de doubles poches passepoil\u00e9es sur le devant et d&#8217;une fermeture \u00e0 bouton-pression.&nbsp;<\/p>\n<p><\/p>\n","protected":false},"excerpt":{"rendered":"<p>Description: Veste universitaire oversize classique des ann\u00e9es 90 \u00e0 coupe r\u00e9tro avec manches contrastantes et bordures c\u00f4tel\u00e9es \u00e0 rayures. Il est dot\u00e9 de patchs en chenille multiples au design exclusif avec points de cha\u00eene, d&#8217;un tissu en laine melton et de manches contrastantes en similicuir, de doubles poches passepoil\u00e9es sur le devant et d&#8217;une fermeture [&hellip;]<\/p>\n","protected":false},"featured_media":1546876,"comment_status":"open","ping_status":"closed","template":"","meta":[],"product_brand":[],"product_cat":[1756,1762],"product_tag":[1813],"acf":[],"_links":{"self":[{"href":"https:\/\/streetmarkets.fr\/app\/wp-json\/wp\/v2\/product\/1546875"}],"collection":[{"href":"https:\/\/streetmarkets.fr\/app\/wp-json\/wp\/v2\/product"}],"about":[{"href":"https:\/\/streetmarkets.fr\/app\/wp-json\/wp\/v2\/types\/product"}],"replies":[{"embeddable":true,"href":"https:\/\/streetmarkets.fr\/app\/wp-json\/wp\/v2\/comments?post=1546875"}],"wp:featuredmedia":[{"embeddable":true,"href":"https:\/\/streetmarkets.fr\/app\/wp-json\/wp\/v2\/media\/1546876"}],"wp:attachment":[{"href":"https:\/\/streetmarkets.fr\/app\/wp-json\/wp\/v2\/media?parent=1546875"}],"wp:term":[{"taxonomy":"product_brand","embeddable":true,"href":"https:\/\/streetmarkets.fr\/app\/wp-json\/wp\/v2\/product_brand?post=1546875"},{"taxonomy":"product_cat","embeddable":true,"href":"https:\/\/streetmarkets.fr\/app\/wp-json\/wp\/v2\/product_cat?post=1546875"},{"taxonomy":"product_tag","embeddable":true,"href":"https:\/\/streetmarkets.fr\/app\/wp-json\/wp\/v2\/product_tag?post=1546875"}],"curies":[{"name":"wp","href":"https:\/\/api.w.org\/{rel}","templated":true}]}}