{"id":1542449,"date":"2025-03-18T01:04:43","date_gmt":"2025-03-18T00:04:43","guid":{"rendered":"https:\/\/streetmarkets.fr\/app\/produit\/chemise-manches-longues-s25-femme-rayures-beige\/"},"modified":"2025-10-02T01:59:53","modified_gmt":"2025-10-01T23:59:53","slug":"chemise-manches-longues-s25-femme-rayures-beige","status":"publish","type":"product","link":"https:\/\/streetmarkets.fr\/app\/produit\/chemise-manches-longues-s25-femme-rayures-beige\/","title":{"rendered":"Chemise Manches Longues (S25 \/ FEMME \/ Rayures Beige)"},"content":{"rendered":"<p>&#8211; Chemise longue Femme<br \/>\n<br \/>&#8211; Imprim\u00e9 rayures<br \/>\n<br \/>&#8211; Broderie &#8220;From Future&#8221;<br \/>\n<br \/>&#8211; Col chemise<br \/>\n<br \/>&#8211; Fermeture boutonn\u00e9e<br \/>\n<br \/>&#8211; Poignets boutonn\u00e9s<br \/>\n<br \/>&#8211; Manches longues<br \/>\n<br \/>&#8211; Coupe oversize<\/p>\n","protected":false},"excerpt":{"rendered":"<p>&#8211; Chemise longue Femme &#8211; Imprim\u00e9 rayures &#8211; Broderie &#8220;From Future&#8221; &#8211; Col chemise &#8211; Fermeture boutonn\u00e9e &#8211; Poignets boutonn\u00e9s &#8211; Manches longues &#8211; Coupe oversize<\/p>\n","protected":false},"featured_media":1542450,"comment_status":"open","ping_status":"closed","template":"","meta":[],"product_brand":[6868],"product_cat":[1756,1762],"product_tag":[2244],"acf":[],"_links":{"self":[{"href":"https:\/\/streetmarkets.fr\/app\/wp-json\/wp\/v2\/product\/1542449"}],"collection":[{"href":"https:\/\/streetmarkets.fr\/app\/wp-json\/wp\/v2\/product"}],"about":[{"href":"https:\/\/streetmarkets.fr\/app\/wp-json\/wp\/v2\/types\/product"}],"replies":[{"embeddable":true,"href":"https:\/\/streetmarkets.fr\/app\/wp-json\/wp\/v2\/comments?post=1542449"}],"wp:featuredmedia":[{"embeddable":true,"href":"https:\/\/streetmarkets.fr\/app\/wp-json\/wp\/v2\/media\/1542450"}],"wp:attachment":[{"href":"https:\/\/streetmarkets.fr\/app\/wp-json\/wp\/v2\/media?parent=1542449"}],"wp:term":[{"taxonomy":"product_brand","embeddable":true,"href":"https:\/\/streetmarkets.fr\/app\/wp-json\/wp\/v2\/product_brand?post=1542449"},{"taxonomy":"product_cat","embeddable":true,"href":"https:\/\/streetmarkets.fr\/app\/wp-json\/wp\/v2\/product_cat?post=1542449"},{"taxonomy":"product_tag","embeddable":true,"href":"https:\/\/streetmarkets.fr\/app\/wp-json\/wp\/v2\/product_tag?post=1542449"}],"curies":[{"name":"wp","href":"https:\/\/api.w.org\/{rel}","templated":true}]}}