{"id":1541595,"date":"2025-03-17T05:51:50","date_gmt":"2025-03-17T04:51:50","guid":{"rendered":"https:\/\/streetmarkets.fr\/app\/produit\/regular-new-linen-shirt-ls-band\/"},"modified":"2026-03-16T05:46:14","modified_gmt":"2026-03-16T04:46:14","slug":"regular-new-linen-shirt-ls-band","status":"publish","type":"product","link":"https:\/\/streetmarkets.fr\/app\/produit\/regular-new-linen-shirt-ls-band\/","title":{"rendered":"Regular New Linen Shirt LS Band"},"content":{"rendered":"<p><span data-sheets-userformat='{\"2\":769,\"3\":{\"1\":0},\"11\":4,\"12\":0}' data-sheets-value=\"{&quot;1&quot;:2,&quot;2&quot;:&quot;La chemise \\&quot;Regular New Linen Shirt LS Band\\&quot; de couleur Cameo Rose, Eden, ou Skyway, est l'incarnation du confort et du style pour les temps chauds. Fabriqu\u00e9e \u00e0 partir d'un m\u00e9lange de coton et de lin, elle offre une respirabilit\u00e9 exceptionnelle et une l\u00e9g\u00e8ret\u00e9 id\u00e9ale pour l'\u00e9t\u00e9. Cette chemise \u00e0 manches longues est un incontournable pour la saison estivale, alliant praticit\u00e9 et \u00e9l\u00e9gance.\\r\\n\\r\\nDot\u00e9e d'un col mao et d'une fermeture \u00e0 boutons sur le devant, elle se distingue par son ourlet incurv\u00e9 qui ajoute une touche de sophistication. Sa coupe classique s'adapte parfaitement \u00e0 diff\u00e9rents styles, que vous la portiez d\u00e9boutonn\u00e9e sur un t-shirt ou avec les manches retrouss\u00e9es pour un look d\u00e9contract\u00e9 de plage.\\r\\n\\r\\nAssociez cette chemise avec un short chino et des sandales en cuir pour un ensemble estival parfait. La \\&quot;Regular New Linen Shirt LS Band\\&quot; n'est pas seulement \u00e9l\u00e9gante, mais aussi fonctionnelle, garantissant un confort optimal tout au long de la journ\u00e9e.&quot;}\" data-sheets-root=\"1\">La chemise <strong>Regular New Linen Shirt LS Band<\/strong> de couleur Cameo Rose, Eden, ou Skyway, est l&#8217;incarnation du <strong>confort<\/strong> et du <strong>style<\/strong> pour les temps chauds. Fabriqu\u00e9e \u00e0 partir d&#8217;un <strong>m\u00e9lange de coton et lin<\/strong>, elle offre une respirabilit\u00e9 exceptionnelle et une l\u00e9g\u00e8ret\u00e9 id\u00e9ale pour l&#8217;\u00e9t\u00e9. Cette <strong>chemise \u00e0 manches longues<\/strong> est un incontournable pour la saison estivale, alliant praticit\u00e9 et \u00e9l\u00e9gance.\u00a0<\/p>\n<p>Dot\u00e9e d&#8217;un col mao et d&#8217;une fermeture \u00e0 boutons sur le devant, elle se distingue par son ourlet incurv\u00e9 qui ajoute une <strong>touche chic<\/strong>. Sa coupe <strong>classique<\/strong> s&#8217;adapte parfaitement \u00e0 diff\u00e9rents styles, que vous la portiez d\u00e9boutonn\u00e9e sur un t-shirt ou avec les manches retrouss\u00e9es pour un look d\u00e9contract\u00e9 de plage.\u00a0<\/p>\n<p>Associez cette chemise avec un short chino et des sandales en cuir pour un ensemble estival parfait. La <strong>Regular New Linen Shirt LS Band<\/strong>\u00a0n&#8217;est pas seulement \u00e9l\u00e9gante, mais aussi fonctionnelle, garantissant un confort optimal tout au long de la journ\u00e9e.<\/span><\/p>\n<p><!--td {border: 1px solid #cccccc;}br {mso-data-placement:same-cell;}--><\/p>\n","protected":false},"excerpt":{"rendered":"<p>La chemise Regular New Linen Shirt LS Band de couleur Cameo Rose, Eden, ou Skyway, est l&#8217;incarnation du confort et du style pour les temps chauds. Fabriqu\u00e9e \u00e0 partir d&#8217;un m\u00e9lange de coton et lin, elle offre une respirabilit\u00e9 exceptionnelle et une l\u00e9g\u00e8ret\u00e9 id\u00e9ale pour l&#8217;\u00e9t\u00e9. Cette chemise \u00e0 manches longues est un incontournable pour [&hellip;]<\/p>\n","protected":false},"featured_media":1541596,"comment_status":"open","ping_status":"closed","template":"","meta":[],"product_brand":[],"product_cat":[1756,1758],"product_tag":[2244],"acf":[],"_links":{"self":[{"href":"https:\/\/streetmarkets.fr\/app\/wp-json\/wp\/v2\/product\/1541595"}],"collection":[{"href":"https:\/\/streetmarkets.fr\/app\/wp-json\/wp\/v2\/product"}],"about":[{"href":"https:\/\/streetmarkets.fr\/app\/wp-json\/wp\/v2\/types\/product"}],"replies":[{"embeddable":true,"href":"https:\/\/streetmarkets.fr\/app\/wp-json\/wp\/v2\/comments?post=1541595"}],"wp:featuredmedia":[{"embeddable":true,"href":"https:\/\/streetmarkets.fr\/app\/wp-json\/wp\/v2\/media\/1541596"}],"wp:attachment":[{"href":"https:\/\/streetmarkets.fr\/app\/wp-json\/wp\/v2\/media?parent=1541595"}],"wp:term":[{"taxonomy":"product_brand","embeddable":true,"href":"https:\/\/streetmarkets.fr\/app\/wp-json\/wp\/v2\/product_brand?post=1541595"},{"taxonomy":"product_cat","embeddable":true,"href":"https:\/\/streetmarkets.fr\/app\/wp-json\/wp\/v2\/product_cat?post=1541595"},{"taxonomy":"product_tag","embeddable":true,"href":"https:\/\/streetmarkets.fr\/app\/wp-json\/wp\/v2\/product_tag?post=1541595"}],"curies":[{"name":"wp","href":"https:\/\/api.w.org\/{rel}","templated":true}]}}