{"id":1541539,"date":"2025-03-17T05:51:46","date_gmt":"2025-03-17T04:51:46","guid":{"rendered":"https:\/\/streetmarkets.fr\/app\/produit\/winston-waxed-cap\/"},"modified":"2026-03-16T05:45:52","modified_gmt":"2026-03-16T04:45:52","slug":"winston-waxed-cap","status":"publish","type":"product","link":"https:\/\/streetmarkets.fr\/app\/produit\/winston-waxed-cap\/","title":{"rendered":"Winston Waxed Cap"},"content":{"rendered":"<p data-end=\"352\" data-start=\"40\">Compl\u00e9tez votre look avec la <strong data-end=\"90\" data-start=\"69\">Winston Waxed Cap<\/strong> de <strong data-end=\"106\" data-start=\"94\">Selected<\/strong>, une casquette basique en <strong data-end=\"142\" data-start=\"133\">coton<\/strong> offrant une <strong data-end=\"174\" data-start=\"155\">visi\u00e8re courb\u00e9e<\/strong> pour un style intemporel. Pratique et confortable, elle est <strong data-end=\"259\" data-start=\"235\">r\u00e9glable \u00e0 l\u2019arri\u00e8re<\/strong> pour un ajustement parfait, et convient \u00e0 toutes les tailles gr\u00e2ce \u00e0 sa <strong data-end=\"349\" data-start=\"332\">taille unique<\/strong>.<\/p>\n<p data-end=\"466\" data-start=\"354\">Id\u00e9ale pour une protection solaire l\u00e9g\u00e8re tout en ajoutant une touche de simplicit\u00e9 \u00e0 vos tenues quotidiennes.<\/p>\n<p data-end=\"466\" data-start=\"354\">A d\u00e9couvrir<strong style=\"font-family: -apple-system, BlinkMacSystemFont, 'San Francisco', 'Segoe UI', Roboto, 'Helvetica Neue', sans-serif;font-size: 0.875rem\" data-end=\"513\" data-start=\"471\">\u00a0<\/strong><span style=\"font-family: -apple-system, BlinkMacSystemFont, 'San Francisco', 'Segoe UI', Roboto, 'Helvetica Neue', sans-serif;font-size: 0.875rem\">chez<\/span><strong style=\"font-family: -apple-system, BlinkMacSystemFont, 'San Francisco', 'Segoe UI', Roboto, 'Helvetica Neue', sans-serif;font-size: 0.875rem\" data-end=\"513\" data-start=\"471\"> Harold<\/strong><span style=\"font-family: -apple-system, BlinkMacSystemFont, 'San Francisco', 'Segoe UI', Roboto, 'Helvetica Neue', sans-serif;font-size: 0.875rem\">, votre boutique pour homme \u00e0 <\/span><strong style=\"font-family: -apple-system, BlinkMacSystemFont, 'San Francisco', 'Segoe UI', Roboto, 'Helvetica Neue', sans-serif;font-size: 0.875rem\" data-end=\"513\" data-start=\"471\">Paris, Marais<\/strong><span style=\"font-family: -apple-system, BlinkMacSystemFont, 'San Francisco', 'Segoe UI', Roboto, 'Helvetica Neue', sans-serif;font-size: 0.875rem\">.<\/span><\/p>\n","protected":false},"excerpt":{"rendered":"<p>Compl\u00e9tez votre look avec la Winston Waxed Cap de Selected, une casquette basique en coton offrant une visi\u00e8re courb\u00e9e pour un style intemporel. Pratique et confortable, elle est r\u00e9glable \u00e0 l\u2019arri\u00e8re pour un ajustement parfait, et convient \u00e0 toutes les tailles gr\u00e2ce \u00e0 sa taille unique. Id\u00e9ale pour une protection solaire l\u00e9g\u00e8re tout en ajoutant [&hellip;]<\/p>\n","protected":false},"featured_media":1541540,"comment_status":"open","ping_status":"closed","template":"","meta":[],"product_brand":[],"product_cat":[1756,1760],"product_tag":[2244],"acf":[],"_links":{"self":[{"href":"https:\/\/streetmarkets.fr\/app\/wp-json\/wp\/v2\/product\/1541539"}],"collection":[{"href":"https:\/\/streetmarkets.fr\/app\/wp-json\/wp\/v2\/product"}],"about":[{"href":"https:\/\/streetmarkets.fr\/app\/wp-json\/wp\/v2\/types\/product"}],"replies":[{"embeddable":true,"href":"https:\/\/streetmarkets.fr\/app\/wp-json\/wp\/v2\/comments?post=1541539"}],"wp:featuredmedia":[{"embeddable":true,"href":"https:\/\/streetmarkets.fr\/app\/wp-json\/wp\/v2\/media\/1541540"}],"wp:attachment":[{"href":"https:\/\/streetmarkets.fr\/app\/wp-json\/wp\/v2\/media?parent=1541539"}],"wp:term":[{"taxonomy":"product_brand","embeddable":true,"href":"https:\/\/streetmarkets.fr\/app\/wp-json\/wp\/v2\/product_brand?post=1541539"},{"taxonomy":"product_cat","embeddable":true,"href":"https:\/\/streetmarkets.fr\/app\/wp-json\/wp\/v2\/product_cat?post=1541539"},{"taxonomy":"product_tag","embeddable":true,"href":"https:\/\/streetmarkets.fr\/app\/wp-json\/wp\/v2\/product_tag?post=1541539"}],"curies":[{"name":"wp","href":"https:\/\/api.w.org\/{rel}","templated":true}]}}