{"id":1541460,"date":"2025-03-17T05:51:37","date_gmt":"2025-03-17T04:51:37","guid":{"rendered":"https:\/\/streetmarkets.fr\/app\/produit\/relaxed-cropped-magnus-linen-pant\/"},"modified":"2026-03-16T05:45:52","modified_gmt":"2026-03-16T04:45:52","slug":"relaxed-cropped-magnus-linen-pant","status":"publish","type":"product","link":"https:\/\/streetmarkets.fr\/app\/produit\/relaxed-cropped-magnus-linen-pant\/","title":{"rendered":"Relaxed Cropped Magnus Linen Pant"},"content":{"rendered":"<p><!--td {border: 1px solid #cccccc;}br {mso-data-placement:same-cell;}--><\/p>\n<p><span data-sheets-root=\"1\" data-sheets-value=\"{&quot;1&quot;:2,&quot;2&quot;:&quot;D\u00e9couvrez le pantalon Relaxed Cropped Magnus Linen de Selected, disponible en Forest Night (vert for\u00eat) et Dark Sapphire (bleu fonc\u00e9), une option incontournable pour un style d\u00e9contract\u00e9 et \u00e9l\u00e9gant. \\n\\nFabriqu\u00e9 \u00e0 100 % en lin, ce pantalon court offre une silhouette ultra-d\u00e9contract\u00e9e, parfaite pour vos escapades du week-end. Avec sa taille mi-haute, sa braguette zipp\u00e9e surmont\u00e9e d'un bouton rivet et son cordon de serrage \u00e0 la taille, il garantit un ajustement confortable et personnalis\u00e9. \\n\\nLes passants de ceinture et les poches lat\u00e9rales ajoutent une touche pratique \u00e0 ce pantalon polyvalent. Associez-le \u00e0 un t-shirt imprim\u00e9 et des baskets pour un look d\u00e9contract\u00e9 et tendance. Sa longueur courte et sa coupe d\u00e9contract\u00e9e en font un choix id\u00e9al pour rester \u00e0 l'aise tout en \u00e9tant styl\u00e9. \\n\\nOptez pour le confort et l'\u00e9l\u00e9gance du lin avec le pantalon Relaxed Cropped Magnus Linen de Selected.&quot;}\" data-sheets-userformat='{\"2\":897,\"3\":{\"1\":0},\"10\":1,\"11\":4,\"12\":0}'>D\u00e9couvrez le pantalon <strong>Relaxed Cropped Magnus Linen<\/strong> de <strong>Selected<\/strong>, disponible en Forest Night (vert for\u00eat) et Dark Saphire (bleu fonc\u00e9), une option <strong>incontournable<\/strong> pour un <strong>style estival d\u00e9contract\u00e9 et \u00e9l\u00e9gant<\/strong>. <\/p>\n<p>Fabriqu\u00e9 \u00e0 <strong>100 % en lin<\/strong>, ce pantalon court offre une silhouette ultra-d\u00e9contract\u00e9e, parfaite pour vos escapades du week-end. Avec sa <strong>taille mi-haute<\/strong>, sa braguette zipp\u00e9e surmont\u00e9e d&#8217;un bouton rivet et son cordon de serrage \u00e0 la taille, il garantit un ajustement confortable et personnalis\u00e9. <\/p>\n<p>Les passants de ceinture et les poches lat\u00e9rales ajoutent une touche pratique \u00e0 ce pantalon <strong>polyvalent<\/strong>. Associez-le \u00e0 un t-shirt imprim\u00e9 et des baskets pour un look d\u00e9contract\u00e9 et <strong>tendance<\/strong>. Sa longueur courte et sa coupe d\u00e9contract\u00e9e en font un choix id\u00e9al pour rester \u00e0 l&#8217;aise tout en \u00e9tant styl\u00e9. <\/p>\n<p>Optez pour le confort et l&#8217;\u00e9l\u00e9gance du lin avec le pantalon Relaxed Cropped Magnus Linen de Selected.<\/span><\/p>\n","protected":false},"excerpt":{"rendered":"<p>D\u00e9couvrez le pantalon Relaxed Cropped Magnus Linen de Selected, disponible en Forest Night (vert for\u00eat) et Dark Saphire (bleu fonc\u00e9), une option incontournable pour un style estival d\u00e9contract\u00e9 et \u00e9l\u00e9gant. Fabriqu\u00e9 \u00e0 100 % en lin, ce pantalon court offre une silhouette ultra-d\u00e9contract\u00e9e, parfaite pour vos escapades du week-end. Avec sa taille mi-haute, sa braguette [&hellip;]<\/p>\n","protected":false},"featured_media":1541461,"comment_status":"open","ping_status":"closed","template":"","meta":[],"product_brand":[],"product_cat":[1756,1758],"product_tag":[2244],"acf":[],"_links":{"self":[{"href":"https:\/\/streetmarkets.fr\/app\/wp-json\/wp\/v2\/product\/1541460"}],"collection":[{"href":"https:\/\/streetmarkets.fr\/app\/wp-json\/wp\/v2\/product"}],"about":[{"href":"https:\/\/streetmarkets.fr\/app\/wp-json\/wp\/v2\/types\/product"}],"replies":[{"embeddable":true,"href":"https:\/\/streetmarkets.fr\/app\/wp-json\/wp\/v2\/comments?post=1541460"}],"wp:featuredmedia":[{"embeddable":true,"href":"https:\/\/streetmarkets.fr\/app\/wp-json\/wp\/v2\/media\/1541461"}],"wp:attachment":[{"href":"https:\/\/streetmarkets.fr\/app\/wp-json\/wp\/v2\/media?parent=1541460"}],"wp:term":[{"taxonomy":"product_brand","embeddable":true,"href":"https:\/\/streetmarkets.fr\/app\/wp-json\/wp\/v2\/product_brand?post=1541460"},{"taxonomy":"product_cat","embeddable":true,"href":"https:\/\/streetmarkets.fr\/app\/wp-json\/wp\/v2\/product_cat?post=1541460"},{"taxonomy":"product_tag","embeddable":true,"href":"https:\/\/streetmarkets.fr\/app\/wp-json\/wp\/v2\/product_tag?post=1541460"}],"curies":[{"name":"wp","href":"https:\/\/api.w.org\/{rel}","templated":true}]}}