{"id":1541392,"date":"2025-03-17T05:51:32","date_gmt":"2025-03-17T04:51:32","guid":{"rendered":"https:\/\/streetmarkets.fr\/app\/produit\/regular-smith-seersucker-blazer\/"},"modified":"2026-03-16T05:45:52","modified_gmt":"2026-03-16T04:45:52","slug":"regular-smith-seersucker-blazer","status":"publish","type":"product","link":"https:\/\/streetmarkets.fr\/app\/produit\/regular-smith-seersucker-blazer\/","title":{"rendered":"Regular Smith Seersucker Blazer"},"content":{"rendered":"<p><span data-sheets-root=\"1\" data-sheets-value=\"{&quot;1&quot;:2,&quot;2&quot;:&quot;Rehaussez votre style estival avec le blazer Reg Smith Seersucker de SELECTED. Fabriqu\u00e9 en 100 % coton, ce blazer \u00e0 simple boutonnage offre une sensation de l\u00e9g\u00e8ret\u00e9 et de respirabilit\u00e9, parfait pour les journ\u00e9es chaudes. Partiellement doubl\u00e9, il assure un confort optimal tout au long de la journ\u00e9e.\\n\\nCe blazer \u00e0 la coupe classique arbore des d\u00e9tails raffin\u00e9s tels que des revers crant\u00e9s avec boutonni\u00e8re, des manches longues avec poignets boutonn\u00e9s, une poche poitrine soud\u00e9e et des poches plaqu\u00e9es sur le devant. La double fente \u00e0 l'arri\u00e8re ajoute une touche d'\u00e9l\u00e9gance suppl\u00e9mentaire, tandis que le tissu seersucker apporte une texture unique et sophistiqu\u00e9e.\\n\\nPour un look complet, associez-le au Reg Smith Seersucker TRS. Ce pantalon assorti de notre collection sera id\u00e9al pour avoir un costume deux-pi\u00e8ces impeccable. Pour un style plus audacieux, optez pour le short en seersucker assorti.\\n\\nDisponible d\u00e8s maintenant dans notre boutique Harold \u00e0 Paris et sur notre site internet, le blazer Reg Smith Seersucker est l'ajout parfait pour une garde-robe estivale \u00e9l\u00e9gante et confortable.&quot;}\" data-sheets-userformat='{\"2\":897,\"3\":{\"1\":0},\"10\":1,\"11\":4,\"12\":0}'>Rehaussez votre style estival avec le <strong>blazer Reg Smith Seersucker<\/strong> de <strong>Selected<\/strong>. Fabriqu\u00e9 en 100 % coton, ce blazer \u00e0 simple boutonnage offre une sensation de <strong>l\u00e9g\u00e8ret\u00e9<\/strong> et de respirabilit\u00e9, parfait pour les journ\u00e9es chaudes. Partiellement doubl\u00e9, il assure un <strong>confort optimal <\/strong>tout au long de la journ\u00e9e.<\/p>\n<p>Ce blazer \u00e0 la coupe classique arbore des d\u00e9tails raffin\u00e9s tels que des <strong>revers crant\u00e9s<\/strong> avec boutonni\u00e8re, des manches longues avec poignets boutonn\u00e9s, une poche poitrine soud\u00e9e et des poches plaqu\u00e9es sur le devant. La double fente \u00e0 l&#8217;arri\u00e8re ajoute une touche d&#8217;\u00e9l\u00e9gance suppl\u00e9mentaire, tandis que le tissu seersucker apporte une <strong>texture unique et sophistiqu\u00e9e<\/strong>.<\/p>\n<p>Pour un look complet, associez-le au <strong>Reg Smith Seersucker Trs<\/strong>. Ce pantalon assorti de notre collection sera id\u00e9al pour avoir un <strong>costume deux-pi\u00e8ces impeccable<\/strong>.\u00a0<\/p>\n<p>Disponible d\u00e8s maintenant dans notre <strong>boutique Harold<\/strong> \u00e0 <strong>Paris<\/strong> et sur notre site internet, le blazer Reg Smith Seersucker est l&#8217;ajout parfait pour un vestiaire masculin estival \u00e9l\u00e9gant et confortable.<\/span><\/p>\n<p><!--td {border: 1px solid #cccccc;}br {mso-data-placement:same-cell;}--><\/p>\n","protected":false},"excerpt":{"rendered":"<p>Rehaussez votre style estival avec le blazer Reg Smith Seersucker de Selected. Fabriqu\u00e9 en 100 % coton, ce blazer \u00e0 simple boutonnage offre une sensation de l\u00e9g\u00e8ret\u00e9 et de respirabilit\u00e9, parfait pour les journ\u00e9es chaudes. Partiellement doubl\u00e9, il assure un confort optimal tout au long de la journ\u00e9e. Ce blazer \u00e0 la coupe classique arbore [&hellip;]<\/p>\n","protected":false},"featured_media":1541393,"comment_status":"open","ping_status":"closed","template":"","meta":[],"product_brand":[],"product_cat":[1756,1758],"product_tag":[2244],"acf":[],"_links":{"self":[{"href":"https:\/\/streetmarkets.fr\/app\/wp-json\/wp\/v2\/product\/1541392"}],"collection":[{"href":"https:\/\/streetmarkets.fr\/app\/wp-json\/wp\/v2\/product"}],"about":[{"href":"https:\/\/streetmarkets.fr\/app\/wp-json\/wp\/v2\/types\/product"}],"replies":[{"embeddable":true,"href":"https:\/\/streetmarkets.fr\/app\/wp-json\/wp\/v2\/comments?post=1541392"}],"wp:featuredmedia":[{"embeddable":true,"href":"https:\/\/streetmarkets.fr\/app\/wp-json\/wp\/v2\/media\/1541393"}],"wp:attachment":[{"href":"https:\/\/streetmarkets.fr\/app\/wp-json\/wp\/v2\/media?parent=1541392"}],"wp:term":[{"taxonomy":"product_brand","embeddable":true,"href":"https:\/\/streetmarkets.fr\/app\/wp-json\/wp\/v2\/product_brand?post=1541392"},{"taxonomy":"product_cat","embeddable":true,"href":"https:\/\/streetmarkets.fr\/app\/wp-json\/wp\/v2\/product_cat?post=1541392"},{"taxonomy":"product_tag","embeddable":true,"href":"https:\/\/streetmarkets.fr\/app\/wp-json\/wp\/v2\/product_tag?post=1541392"}],"curies":[{"name":"wp","href":"https:\/\/api.w.org\/{rel}","templated":true}]}}