{"id":1541345,"date":"2025-03-17T05:51:27","date_gmt":"2025-03-17T04:51:27","guid":{"rendered":"https:\/\/streetmarkets.fr\/app\/produit\/kabangu-aop-tencel-ss-shirt\/"},"modified":"2026-03-16T05:45:51","modified_gmt":"2026-03-16T04:45:51","slug":"kabangu-aop-tencel-ss-shirt","status":"publish","type":"product","link":"https:\/\/streetmarkets.fr\/app\/produit\/kabangu-aop-tencel-ss-shirt\/","title":{"rendered":"Kabangu AOP Tencel SS Shirt"},"content":{"rendered":"<p><!--td {border: 1px solid #cccccc;}br {mso-data-placement:same-cell;}--><\/p>\n<p><span data-sheets-root=\"1\" data-sheets-value=\"{&quot;1&quot;:2,&quot;2&quot;:&quot;D\u00e9couvrez la chemise \u00e0 manches courtes Kabangu AOP Tencel SS Shirt de Les Deux, une pi\u00e8ce a\u00e9rienne et respirante id\u00e9ale pour l'\u00e9t\u00e9. Disponible dans les coloris \\&quot;Dark Navy\/Multicolor AOP\\&quot; et \\&quot;Summer Sky\/Multicolor AOP\\&quot;, cette chemise est confectionn\u00e9e en TENCEL\u2122 Lyocell, offrant une sensation soyeuse et une respirabilit\u00e9 exceptionnelle.\\n\\nCette chemise arbore un motif imprim\u00e9 avec des illustrations de basketball, ajoutant une touche ludique et originale \u00e0 votre tenue estivale. Le TENCEL\u2122 est une fibre respectueuse de l'environnement, connue pour sa douceur et sa durabilit\u00e9, assurant un confort optimal m\u00eame par temps chaud.\\n\\nAvec sa coupe d\u00e9contract\u00e9e, cette chemise offre une libert\u00e9 de mouvement sans sacrifier le style. Portez-la avec un short en jean ou un pantalon chino pour un look estival d\u00e9contract\u00e9 mais tendance. Optez pour la Kabangu AOP Tencel SS Shirt et ajoutez une touche de fra\u00eecheur et de style \u00e0 votre garde-robe estivale.&quot;}\" data-sheets-userformat='{\"2\":897,\"3\":{\"1\":0},\"10\":1,\"11\":4,\"12\":0}'>D\u00e9couvrez la chemise \u00e0 manches courtes Kabangu AOP Tencel SS Shirt de <strong>Les Deux,<\/strong> une pi\u00e8ce a\u00e9rienne et respirante id\u00e9ale pour l&#8217;\u00e9t\u00e9. Disponible dans les coloris &#8220;Dark Navy\/Multicolor AOP&#8221; et &#8220;Summer Sky\/Multicolor AOP&#8221;, cette chemise est confectionn\u00e9e en <strong>TENCEL\u2122 Lyocell<\/strong>, offrant une sensation soyeuse et une respirabilit\u00e9 exceptionnelle.<\/p>\n<p>Cette chemise arbore un <strong>motif imprim\u00e9<\/strong> avec des illustrations de basketball, ajoutant une touche <strong>ludique et originale<\/strong> \u00e0 votre tenue estivale. Le TENCEL\u2122 est une fibre respectueuse de l&#8217;environnement, connue pour sa douceur et sa durabilit\u00e9, assurant un confort optimal m\u00eame par temps chaud.<\/p>\n<p>Avec sa <strong>coupe d\u00e9contract\u00e9e<\/strong>, cette chemise offre une libert\u00e9 de mouvement sans sacrifier le style. Portez-la avec un short en jean ou un pantalon chino pour un look estival d\u00e9contract\u00e9 mais <strong>tendance<\/strong>. Optez pour la Kabangu AOP Tencel SS Shirt et ajoutez une touche de fra\u00eecheur et de style \u00e0 votre <span>garde-robe estivale<\/span>.<\/span><\/p>\n","protected":false},"excerpt":{"rendered":"<p>D\u00e9couvrez la chemise \u00e0 manches courtes Kabangu AOP Tencel SS Shirt de Les Deux, une pi\u00e8ce a\u00e9rienne et respirante id\u00e9ale pour l&#8217;\u00e9t\u00e9. Disponible dans les coloris &#8220;Dark Navy\/Multicolor AOP&#8221; et &#8220;Summer Sky\/Multicolor AOP&#8221;, cette chemise est confectionn\u00e9e en TENCEL\u2122 Lyocell, offrant une sensation soyeuse et une respirabilit\u00e9 exceptionnelle. Cette chemise arbore un motif imprim\u00e9 avec [&hellip;]<\/p>\n","protected":false},"featured_media":1541346,"comment_status":"open","ping_status":"closed","template":"","meta":[],"product_brand":[],"product_cat":[1756,1758],"product_tag":[2244],"acf":[],"_links":{"self":[{"href":"https:\/\/streetmarkets.fr\/app\/wp-json\/wp\/v2\/product\/1541345"}],"collection":[{"href":"https:\/\/streetmarkets.fr\/app\/wp-json\/wp\/v2\/product"}],"about":[{"href":"https:\/\/streetmarkets.fr\/app\/wp-json\/wp\/v2\/types\/product"}],"replies":[{"embeddable":true,"href":"https:\/\/streetmarkets.fr\/app\/wp-json\/wp\/v2\/comments?post=1541345"}],"wp:featuredmedia":[{"embeddable":true,"href":"https:\/\/streetmarkets.fr\/app\/wp-json\/wp\/v2\/media\/1541346"}],"wp:attachment":[{"href":"https:\/\/streetmarkets.fr\/app\/wp-json\/wp\/v2\/media?parent=1541345"}],"wp:term":[{"taxonomy":"product_brand","embeddable":true,"href":"https:\/\/streetmarkets.fr\/app\/wp-json\/wp\/v2\/product_brand?post=1541345"},{"taxonomy":"product_cat","embeddable":true,"href":"https:\/\/streetmarkets.fr\/app\/wp-json\/wp\/v2\/product_cat?post=1541345"},{"taxonomy":"product_tag","embeddable":true,"href":"https:\/\/streetmarkets.fr\/app\/wp-json\/wp\/v2\/product_tag?post=1541345"}],"curies":[{"name":"wp","href":"https:\/\/api.w.org\/{rel}","templated":true}]}}