{"id":1541320,"date":"2025-03-17T05:50:42","date_gmt":"2025-03-17T04:50:42","guid":{"rendered":"https:\/\/streetmarkets.fr\/app\/produit\/como-twill-suit-pants\/"},"modified":"2026-03-16T05:45:51","modified_gmt":"2026-03-16T04:45:51","slug":"como-twill-suit-pants","status":"publish","type":"product","link":"https:\/\/streetmarkets.fr\/app\/produit\/como-twill-suit-pants\/","title":{"rendered":"Como Twill Suit Pants"},"content":{"rendered":"<p data-start=\"0\" data-end=\"235\">D\u00e9couvrez les<strong data-start=\"14\" data-end=\"69\">\u00a0<\/strong>pantalons de ville <strong data-start=\"14\" data-end=\"69\">Como Twill Suit Pants <\/strong>de<strong data-start=\"14\" data-end=\"69\"> Les Deux<\/strong>, taill\u00e9s pour un <strong data-start=\"87\" data-end=\"115\">style moderne et \u00e9l\u00e9gant<\/strong>. Leur <strong data-start=\"122\" data-end=\"153\">coupe ajust\u00e9e et raccourcie<\/strong>, avec des <strong data-start=\"164\" data-end=\"196\">ourlets roul\u00e9s aux chevilles<\/strong>, offre une <strong data-start=\"208\" data-end=\"232\">allure contemporaine<\/strong>.<\/p>\n<p data-start=\"237\" data-end=\"495\">Confectionn\u00e9s dans un <strong data-start=\"259\" data-end=\"276\">twill durable<\/strong>, ces pantalons sont con\u00e7us pour <strong data-start=\"309\" data-end=\"342\">r\u00e9sister \u00e0 l&#8217;\u00e9preuve du temps<\/strong>. Dot\u00e9s de <strong data-start=\"353\" data-end=\"384\">poches lat\u00e9rales et arri\u00e8re<\/strong>, ainsi que d&#8217;une <strong data-start=\"402\" data-end=\"443\">petite poche pratique pour la monnaie<\/strong>, ils sont \u00e0 la fois <strong data-start=\"464\" data-end=\"492\">fonctionnels et \u00e9l\u00e9gants<\/strong>.<\/p>\n<p data-start=\"497\" data-end=\"780\" data-is-last-node=\"\">Le <strong data-start=\"500\" data-end=\"531\">logo &#8220;II&#8221; brod\u00e9 \u00e0 l&#8217;arri\u00e8re<\/strong> ajoute une <strong data-start=\"543\" data-end=\"565\">touche distinctive<\/strong> \u00e0 ces pantalons sophistiqu\u00e9s. Disponibles dans des <strong data-start=\"617\" data-end=\"672\">teintes l\u00e9g\u00e8res de sable du d\u00e9sert et de gris clair<\/strong>, ces pantalons sont parfaits pour <strong data-start=\"707\" data-end=\"779\">compl\u00e9ter votre garde-robe professionnelle avec style et raffinement<\/strong>.<\/p>\n","protected":false},"excerpt":{"rendered":"<p>D\u00e9couvrez les\u00a0pantalons de ville Como Twill Suit Pants de Les Deux, taill\u00e9s pour un style moderne et \u00e9l\u00e9gant. Leur coupe ajust\u00e9e et raccourcie, avec des ourlets roul\u00e9s aux chevilles, offre une allure contemporaine. Confectionn\u00e9s dans un twill durable, ces pantalons sont con\u00e7us pour r\u00e9sister \u00e0 l&#8217;\u00e9preuve du temps. Dot\u00e9s de poches lat\u00e9rales et arri\u00e8re, ainsi [&hellip;]<\/p>\n","protected":false},"featured_media":1541321,"comment_status":"open","ping_status":"closed","template":"","meta":[],"product_brand":[],"product_cat":[1756,1758],"product_tag":[2244],"acf":[],"_links":{"self":[{"href":"https:\/\/streetmarkets.fr\/app\/wp-json\/wp\/v2\/product\/1541320"}],"collection":[{"href":"https:\/\/streetmarkets.fr\/app\/wp-json\/wp\/v2\/product"}],"about":[{"href":"https:\/\/streetmarkets.fr\/app\/wp-json\/wp\/v2\/types\/product"}],"replies":[{"embeddable":true,"href":"https:\/\/streetmarkets.fr\/app\/wp-json\/wp\/v2\/comments?post=1541320"}],"wp:featuredmedia":[{"embeddable":true,"href":"https:\/\/streetmarkets.fr\/app\/wp-json\/wp\/v2\/media\/1541321"}],"wp:attachment":[{"href":"https:\/\/streetmarkets.fr\/app\/wp-json\/wp\/v2\/media?parent=1541320"}],"wp:term":[{"taxonomy":"product_brand","embeddable":true,"href":"https:\/\/streetmarkets.fr\/app\/wp-json\/wp\/v2\/product_brand?post=1541320"},{"taxonomy":"product_cat","embeddable":true,"href":"https:\/\/streetmarkets.fr\/app\/wp-json\/wp\/v2\/product_cat?post=1541320"},{"taxonomy":"product_tag","embeddable":true,"href":"https:\/\/streetmarkets.fr\/app\/wp-json\/wp\/v2\/product_tag?post=1541320"}],"curies":[{"name":"wp","href":"https:\/\/api.w.org\/{rel}","templated":true}]}}