{"id":1541147,"date":"2025-03-17T05:50:21","date_gmt":"2025-03-17T04:50:21","guid":{"rendered":"https:\/\/streetmarkets.fr\/app\/produit\/geoffroy-ss-knit-shirt\/"},"modified":"2026-03-16T05:45:50","modified_gmt":"2026-03-16T04:45:50","slug":"geoffroy-ss-knit-shirt","status":"publish","type":"product","link":"https:\/\/streetmarkets.fr\/app\/produit\/geoffroy-ss-knit-shirt\/","title":{"rendered":"Geoffroy SS Knit Shirt"},"content":{"rendered":"<p data-start=\"45\" data-end=\"420\">Alliance parfaite entre <strong data-start=\"69\" data-end=\"106\">\u00e9l\u00e9gance r\u00e9tro et confort estival<\/strong>, la <strong data-start=\"111\" data-end=\"137\">Geoffroy SS Knit Shirt<\/strong> de <strong data-start=\"141\" data-end=\"153\">Les Deux<\/strong> est tricot\u00e9e en <strong data-start=\"170\" data-end=\"183\">coton fin<\/strong> pour une <strong data-start=\"193\" data-end=\"219\">respirabilit\u00e9 optimale<\/strong> lors des journ\u00e9es les plus chaudes. Son design minimaliste \u00e0 l\u2019avant est subtilement contrast\u00e9 par une <strong data-start=\"323\" data-end=\"369\">fleur intarsia surdimensionn\u00e9e dans le dos<\/strong>, ajoutant une touche nostalgique et distinctive.<\/p>\n<p data-start=\"422\" data-end=\"670\">Dot\u00e9e d\u2019un <strong data-start=\"433\" data-end=\"451\">col campagnard<\/strong> et d\u2019un <strong data-start=\"460\" data-end=\"507\">lettrage discret de la marque sur le devant<\/strong>, cette chemise sans yok mise sur une silhouette \u00e9pur\u00e9e et fluide. Sa <strong data-start=\"577\" data-end=\"591\">jauge fine<\/strong> offre un tomb\u00e9 l\u00e9ger et raffin\u00e9, id\u00e9al pour un look sophistiqu\u00e9 sans effort.<\/p>\n","protected":false},"excerpt":{"rendered":"<p>Alliance parfaite entre \u00e9l\u00e9gance r\u00e9tro et confort estival, la Geoffroy SS Knit Shirt de Les Deux est tricot\u00e9e en coton fin pour une respirabilit\u00e9 optimale lors des journ\u00e9es les plus chaudes. Son design minimaliste \u00e0 l\u2019avant est subtilement contrast\u00e9 par une fleur intarsia surdimensionn\u00e9e dans le dos, ajoutant une touche nostalgique et distinctive. Dot\u00e9e d\u2019un [&hellip;]<\/p>\n","protected":false},"featured_media":1541148,"comment_status":"open","ping_status":"closed","template":"","meta":[],"product_brand":[],"product_cat":[1756,1758],"product_tag":[2244],"acf":[],"_links":{"self":[{"href":"https:\/\/streetmarkets.fr\/app\/wp-json\/wp\/v2\/product\/1541147"}],"collection":[{"href":"https:\/\/streetmarkets.fr\/app\/wp-json\/wp\/v2\/product"}],"about":[{"href":"https:\/\/streetmarkets.fr\/app\/wp-json\/wp\/v2\/types\/product"}],"replies":[{"embeddable":true,"href":"https:\/\/streetmarkets.fr\/app\/wp-json\/wp\/v2\/comments?post=1541147"}],"wp:featuredmedia":[{"embeddable":true,"href":"https:\/\/streetmarkets.fr\/app\/wp-json\/wp\/v2\/media\/1541148"}],"wp:attachment":[{"href":"https:\/\/streetmarkets.fr\/app\/wp-json\/wp\/v2\/media?parent=1541147"}],"wp:term":[{"taxonomy":"product_brand","embeddable":true,"href":"https:\/\/streetmarkets.fr\/app\/wp-json\/wp\/v2\/product_brand?post=1541147"},{"taxonomy":"product_cat","embeddable":true,"href":"https:\/\/streetmarkets.fr\/app\/wp-json\/wp\/v2\/product_cat?post=1541147"},{"taxonomy":"product_tag","embeddable":true,"href":"https:\/\/streetmarkets.fr\/app\/wp-json\/wp\/v2\/product_tag?post=1541147"}],"curies":[{"name":"wp","href":"https:\/\/api.w.org\/{rel}","templated":true}]}}