{"id":1540914,"date":"2025-03-17T05:49:55","date_gmt":"2025-03-17T04:49:55","guid":{"rendered":"https:\/\/streetmarkets.fr\/app\/produit\/roland-sunglasses\/"},"modified":"2026-03-16T05:45:49","modified_gmt":"2026-03-16T04:45:49","slug":"roland-sunglasses","status":"publish","type":"product","link":"https:\/\/streetmarkets.fr\/app\/produit\/roland-sunglasses\/","title":{"rendered":"Roland Sunglasses"},"content":{"rendered":"<p data-start=\"40\" data-end=\"244\">Les <strong data-start=\"44\" data-end=\"65\">Roland Sunglasses<\/strong> de <strong data-start=\"69\" data-end=\"81\">Selected<\/strong> allient design minimaliste et caract\u00e8re affirm\u00e9. Leur <strong data-start=\"136\" data-end=\"154\">monture carr\u00e9e<\/strong> apporte une touche moderne et structur\u00e9e, id\u00e9ale pour un look sophistiqu\u00e9 au quotidien.<\/p>\n<p data-start=\"246\" data-end=\"508\">\u00c9quip\u00e9es de <strong data-start=\"258\" data-end=\"288\">lentilles teint\u00e9es anti-UV<\/strong>, elles garantissent une protection optimale tout en pr\u00e9servant une esth\u00e9tique raffin\u00e9e. Gr\u00e2ce aux <strong data-start=\"387\" data-end=\"429\">fils m\u00e9talliques int\u00e9gr\u00e9s aux branches<\/strong>, ces lunettes s\u2019ajustent parfaitement \u00e0 votre visage pour un confort absolu.<\/p>\n<p data-start=\"510\" data-end=\"646\">Chaque paire est livr\u00e9e avec un <strong data-start=\"542\" data-end=\"563\">\u00e9tui de rangement<\/strong> orn\u00e9 du logo en relief, assurant protection et \u00e9l\u00e9gance en toutes circonstances.<\/p>\n<p data-start=\"648\" data-end=\"694\" data-is-last-node=\"\" data-is-only-node=\"\">\ud83d\udccd <strong data-start=\"651\" data-end=\"693\">Disponible chez Harold \u2013 Paris, Marais<\/strong>.<\/p>\n","protected":false},"excerpt":{"rendered":"<p>Les Roland Sunglasses de Selected allient design minimaliste et caract\u00e8re affirm\u00e9. Leur monture carr\u00e9e apporte une touche moderne et structur\u00e9e, id\u00e9ale pour un look sophistiqu\u00e9 au quotidien. \u00c9quip\u00e9es de lentilles teint\u00e9es anti-UV, elles garantissent une protection optimale tout en pr\u00e9servant une esth\u00e9tique raffin\u00e9e. Gr\u00e2ce aux fils m\u00e9talliques int\u00e9gr\u00e9s aux branches, ces lunettes s\u2019ajustent parfaitement \u00e0 [&hellip;]<\/p>\n","protected":false},"featured_media":1540915,"comment_status":"open","ping_status":"closed","template":"","meta":[],"product_brand":[],"product_cat":[1756,1760],"product_tag":[2244],"acf":[],"_links":{"self":[{"href":"https:\/\/streetmarkets.fr\/app\/wp-json\/wp\/v2\/product\/1540914"}],"collection":[{"href":"https:\/\/streetmarkets.fr\/app\/wp-json\/wp\/v2\/product"}],"about":[{"href":"https:\/\/streetmarkets.fr\/app\/wp-json\/wp\/v2\/types\/product"}],"replies":[{"embeddable":true,"href":"https:\/\/streetmarkets.fr\/app\/wp-json\/wp\/v2\/comments?post=1540914"}],"wp:featuredmedia":[{"embeddable":true,"href":"https:\/\/streetmarkets.fr\/app\/wp-json\/wp\/v2\/media\/1540915"}],"wp:attachment":[{"href":"https:\/\/streetmarkets.fr\/app\/wp-json\/wp\/v2\/media?parent=1540914"}],"wp:term":[{"taxonomy":"product_brand","embeddable":true,"href":"https:\/\/streetmarkets.fr\/app\/wp-json\/wp\/v2\/product_brand?post=1540914"},{"taxonomy":"product_cat","embeddable":true,"href":"https:\/\/streetmarkets.fr\/app\/wp-json\/wp\/v2\/product_cat?post=1540914"},{"taxonomy":"product_tag","embeddable":true,"href":"https:\/\/streetmarkets.fr\/app\/wp-json\/wp\/v2\/product_tag?post=1540914"}],"curies":[{"name":"wp","href":"https:\/\/api.w.org\/{rel}","templated":true}]}}