{"id":1523721,"date":"2025-03-15T01:07:11","date_gmt":"2025-03-15T00:07:11","guid":{"rendered":"https:\/\/streetmarkets.fr\/app\/produit\/nouveau-masscob-pantalon-varques-rose\/"},"modified":"2026-03-18T00:59:40","modified_gmt":"2026-03-17T23:59:40","slug":"nouveau-masscob-pantalon-varques-rose","status":"publish","type":"product","link":"https:\/\/streetmarkets.fr\/app\/produit\/nouveau-masscob-pantalon-varques-rose\/","title":{"rendered":"MASSCOB Pantalon Varques Rose -50%"},"content":{"rendered":"<p data-rte-preserve-empty=\"true\">Pantalon en coton, coupe flare, taille ajust\u00e9e, poches devant et dos, fermeture classique zip et boutons. \u00c9galement disponible dans la couleur Liquen. <\/p>\n<p data-rte-preserve-empty=\"true\">D\u00e9tail : 100% coton<\/p>\n","protected":false},"excerpt":{"rendered":"<p>Pantalon en coton, coupe flare, taille ajust\u00e9e, poches devant et dos, fermeture classique zip et boutons. \u00c9galement disponible dans la couleur Liquen. D\u00e9tail : 100% coton<\/p>\n","protected":false},"featured_media":1523722,"comment_status":"open","ping_status":"closed","template":"","meta":[],"product_brand":[],"product_cat":[1756,1762],"product_tag":[2244],"acf":[],"_links":{"self":[{"href":"https:\/\/streetmarkets.fr\/app\/wp-json\/wp\/v2\/product\/1523721"}],"collection":[{"href":"https:\/\/streetmarkets.fr\/app\/wp-json\/wp\/v2\/product"}],"about":[{"href":"https:\/\/streetmarkets.fr\/app\/wp-json\/wp\/v2\/types\/product"}],"replies":[{"embeddable":true,"href":"https:\/\/streetmarkets.fr\/app\/wp-json\/wp\/v2\/comments?post=1523721"}],"wp:featuredmedia":[{"embeddable":true,"href":"https:\/\/streetmarkets.fr\/app\/wp-json\/wp\/v2\/media\/1523722"}],"wp:attachment":[{"href":"https:\/\/streetmarkets.fr\/app\/wp-json\/wp\/v2\/media?parent=1523721"}],"wp:term":[{"taxonomy":"product_brand","embeddable":true,"href":"https:\/\/streetmarkets.fr\/app\/wp-json\/wp\/v2\/product_brand?post=1523721"},{"taxonomy":"product_cat","embeddable":true,"href":"https:\/\/streetmarkets.fr\/app\/wp-json\/wp\/v2\/product_cat?post=1523721"},{"taxonomy":"product_tag","embeddable":true,"href":"https:\/\/streetmarkets.fr\/app\/wp-json\/wp\/v2\/product_tag?post=1523721"}],"curies":[{"name":"wp","href":"https:\/\/api.w.org\/{rel}","templated":true}]}}