{"id":1523690,"date":"2025-03-15T01:04:28","date_gmt":"2025-03-15T00:04:28","guid":{"rendered":"https:\/\/streetmarkets.fr\/app\/produit\/nouveau-vanessa-bruno-sac-bourse-en-raphia-papier-ecru\/"},"modified":"2026-05-13T02:00:33","modified_gmt":"2026-05-13T00:00:33","slug":"nouveau-vanessa-bruno-sac-bourse-en-raphia-papier-ecru","status":"publish","type":"product","link":"https:\/\/streetmarkets.fr\/app\/produit\/nouveau-vanessa-bruno-sac-bourse-en-raphia-papier-ecru\/","title":{"rendered":"VANESSA BRUNO Sac Bourse en Raphia Papier Ecru -50%"},"content":{"rendered":"<p data-rte-preserve-empty=\"true\">Sac bourse en raphia Ecru orn\u00e9 de petites perles en bois, port\u00e9 \u00e9paule ou bandouli\u00e8re, se referme par un lien coulissant. \u00c9galement disponible dans la couleur Noir. Ses dimensions : 19cm x 18cm x 18cm Hauteur bandouli\u00e8re : 51cm<\/p>\n<p data-rte-preserve-empty=\"true\">D\u00e9tail : Mati\u00e8re principale : 65% raphia papier, 35% bois, mati\u00e8re secondaire : 100% cuir v\u00e9ritable<\/p>\n","protected":false},"excerpt":{"rendered":"<p>Sac bourse en raphia Ecru orn\u00e9 de petites perles en bois, port\u00e9 \u00e9paule ou bandouli\u00e8re, se referme par un lien coulissant. \u00c9galement disponible dans la couleur Noir. Ses dimensions : 19cm x 18cm x 18cm Hauteur bandouli\u00e8re : 51cm D\u00e9tail : Mati\u00e8re principale : 65% raphia papier, 35% bois, mati\u00e8re secondaire : 100% cuir v\u00e9ritable<\/p>\n","protected":false},"featured_media":1523691,"comment_status":"open","ping_status":"closed","template":"","meta":[],"product_brand":[],"product_cat":[1756,1764],"product_tag":[2244],"acf":[],"_links":{"self":[{"href":"https:\/\/streetmarkets.fr\/app\/wp-json\/wp\/v2\/product\/1523690"}],"collection":[{"href":"https:\/\/streetmarkets.fr\/app\/wp-json\/wp\/v2\/product"}],"about":[{"href":"https:\/\/streetmarkets.fr\/app\/wp-json\/wp\/v2\/types\/product"}],"replies":[{"embeddable":true,"href":"https:\/\/streetmarkets.fr\/app\/wp-json\/wp\/v2\/comments?post=1523690"}],"wp:featuredmedia":[{"embeddable":true,"href":"https:\/\/streetmarkets.fr\/app\/wp-json\/wp\/v2\/media\/1523691"}],"wp:attachment":[{"href":"https:\/\/streetmarkets.fr\/app\/wp-json\/wp\/v2\/media?parent=1523690"}],"wp:term":[{"taxonomy":"product_brand","embeddable":true,"href":"https:\/\/streetmarkets.fr\/app\/wp-json\/wp\/v2\/product_brand?post=1523690"},{"taxonomy":"product_cat","embeddable":true,"href":"https:\/\/streetmarkets.fr\/app\/wp-json\/wp\/v2\/product_cat?post=1523690"},{"taxonomy":"product_tag","embeddable":true,"href":"https:\/\/streetmarkets.fr\/app\/wp-json\/wp\/v2\/product_tag?post=1523690"}],"curies":[{"name":"wp","href":"https:\/\/api.w.org\/{rel}","templated":true}]}}