{"id":1523683,"date":"2025-03-15T01:04:27","date_gmt":"2025-03-15T00:04:27","guid":{"rendered":"https:\/\/streetmarkets.fr\/app\/produit\/nouveau-vanessa-bruno-panier-berlingot-en-raphia-papier-ecru\/"},"modified":"2026-05-04T02:02:40","modified_gmt":"2026-05-04T00:02:40","slug":"nouveau-vanessa-bruno-panier-berlingot-en-raphia-papier-ecru","status":"publish","type":"product","link":"https:\/\/streetmarkets.fr\/app\/produit\/nouveau-vanessa-bruno-panier-berlingot-en-raphia-papier-ecru\/","title":{"rendered":"VANESSA BRUNO Panier Berlingot en Raphia Papier Ecru -50%"},"content":{"rendered":"<p data-rte-preserve-empty=\"true\">Panier Berlingot en Raphia Papier  Ecru orn\u00e9 de petites perles en bois, motif graphique, deux anses pour un port\u00e9 \u00e9paule. \u00c9galement disponible dans la couleur Noir. Ses dimensions : 36cm x 45cm x 20cm Hauteur des anses : 27,5cm <\/p>\n<p data-rte-preserve-empty=\"true\">D\u00e9tail : Mati\u00e8re principale : 65% papier raphia, 35% bois<\/p>\n","protected":false},"excerpt":{"rendered":"<p>Panier Berlingot en Raphia Papier Ecru orn\u00e9 de petites perles en bois, motif graphique, deux anses pour un port\u00e9 \u00e9paule. \u00c9galement disponible dans la couleur Noir. Ses dimensions : 36cm x 45cm x 20cm Hauteur des anses : 27,5cm D\u00e9tail : Mati\u00e8re principale : 65% papier raphia, 35% bois<\/p>\n","protected":false},"featured_media":1523684,"comment_status":"open","ping_status":"closed","template":"","meta":[],"product_brand":[],"product_cat":[1756,1764],"product_tag":[2244],"acf":[],"_links":{"self":[{"href":"https:\/\/streetmarkets.fr\/app\/wp-json\/wp\/v2\/product\/1523683"}],"collection":[{"href":"https:\/\/streetmarkets.fr\/app\/wp-json\/wp\/v2\/product"}],"about":[{"href":"https:\/\/streetmarkets.fr\/app\/wp-json\/wp\/v2\/types\/product"}],"replies":[{"embeddable":true,"href":"https:\/\/streetmarkets.fr\/app\/wp-json\/wp\/v2\/comments?post=1523683"}],"wp:featuredmedia":[{"embeddable":true,"href":"https:\/\/streetmarkets.fr\/app\/wp-json\/wp\/v2\/media\/1523684"}],"wp:attachment":[{"href":"https:\/\/streetmarkets.fr\/app\/wp-json\/wp\/v2\/media?parent=1523683"}],"wp:term":[{"taxonomy":"product_brand","embeddable":true,"href":"https:\/\/streetmarkets.fr\/app\/wp-json\/wp\/v2\/product_brand?post=1523683"},{"taxonomy":"product_cat","embeddable":true,"href":"https:\/\/streetmarkets.fr\/app\/wp-json\/wp\/v2\/product_cat?post=1523683"},{"taxonomy":"product_tag","embeddable":true,"href":"https:\/\/streetmarkets.fr\/app\/wp-json\/wp\/v2\/product_tag?post=1523683"}],"curies":[{"name":"wp","href":"https:\/\/api.w.org\/{rel}","templated":true}]}}