{"id":1510200,"date":"2025-03-13T00:39:31","date_gmt":"2025-03-12T23:39:31","guid":{"rendered":"https:\/\/streetmarkets.fr\/app\/produit\/sandales-mae-noires\/"},"modified":"2025-03-24T00:39:12","modified_gmt":"2025-03-23T23:39:12","slug":"sandales-mae-noires","status":"publish","type":"product","link":"https:\/\/streetmarkets.fr\/app\/produit\/sandales-mae-noires\/","title":{"rendered":"Sandales Mae Noires"},"content":{"rendered":"<p>Ma\u00e9, la sandale qui allie f\u00e9minit\u00e9 et praticit\u00e9, id\u00e9ale pour sublimer toutes vos tenues avec style et confort.<\/p>\n<p>\u2022 Sandales plates<br \/>\u2022 Fabrication artisanale au Portugal<br \/>\u2022 Cuir provenant d&#8217;Espagne et d&#8217;Italie &#8211; certifi\u00e9 LWG (Leather working group)<br \/>\u2022 Forme ovale<br \/>\u2022 Bride cheville<\/p>\n<p><strong>Composition :<\/strong>\u00a0<\/p>\n<p><span>Dessus : 100% cuir de vachette &#8211; LWG<\/span><br \/><span>Doublure : 100% cuir de vachette &#8211; LWG<\/span><br \/><span>Semelle int\u00e9rieure : 100% cuir de vachette &#8211; LWG<\/span><br \/><span>Semelle ext\u00e9rieure : \u00e9lastom\u00e8re<\/span><\/p>\n","protected":false},"excerpt":{"rendered":"<p>Ma\u00e9, la sandale qui allie f\u00e9minit\u00e9 et praticit\u00e9, id\u00e9ale pour sublimer toutes vos tenues avec style et confort. \u2022 Sandales plates\u2022 Fabrication artisanale au Portugal\u2022 Cuir provenant d&#8217;Espagne et d&#8217;Italie &#8211; certifi\u00e9 LWG (Leather working group)\u2022 Forme ovale\u2022 Bride cheville Composition :\u00a0 Dessus : 100% cuir de vachette &#8211; LWGDoublure : 100% cuir de vachette [&hellip;]<\/p>\n","protected":false},"featured_media":1510201,"comment_status":"open","ping_status":"closed","template":"","meta":[],"product_brand":[],"product_cat":[1756,1763],"product_tag":[1810],"acf":[],"_links":{"self":[{"href":"https:\/\/streetmarkets.fr\/app\/wp-json\/wp\/v2\/product\/1510200"}],"collection":[{"href":"https:\/\/streetmarkets.fr\/app\/wp-json\/wp\/v2\/product"}],"about":[{"href":"https:\/\/streetmarkets.fr\/app\/wp-json\/wp\/v2\/types\/product"}],"replies":[{"embeddable":true,"href":"https:\/\/streetmarkets.fr\/app\/wp-json\/wp\/v2\/comments?post=1510200"}],"wp:featuredmedia":[{"embeddable":true,"href":"https:\/\/streetmarkets.fr\/app\/wp-json\/wp\/v2\/media\/1510201"}],"wp:attachment":[{"href":"https:\/\/streetmarkets.fr\/app\/wp-json\/wp\/v2\/media?parent=1510200"}],"wp:term":[{"taxonomy":"product_brand","embeddable":true,"href":"https:\/\/streetmarkets.fr\/app\/wp-json\/wp\/v2\/product_brand?post=1510200"},{"taxonomy":"product_cat","embeddable":true,"href":"https:\/\/streetmarkets.fr\/app\/wp-json\/wp\/v2\/product_cat?post=1510200"},{"taxonomy":"product_tag","embeddable":true,"href":"https:\/\/streetmarkets.fr\/app\/wp-json\/wp\/v2\/product_tag?post=1510200"}],"curies":[{"name":"wp","href":"https:\/\/api.w.org\/{rel}","templated":true}]}}