{"id":1510190,"date":"2025-03-13T00:39:29","date_gmt":"2025-03-12T23:39:29","guid":{"rendered":"https:\/\/streetmarkets.fr\/app\/produit\/sandales-molly-paillete-dore\/"},"modified":"2025-03-24T00:39:12","modified_gmt":"2025-03-23T23:39:12","slug":"sandales-molly-paillete-dore","status":"publish","type":"product","link":"https:\/\/streetmarkets.fr\/app\/produit\/sandales-molly-paillete-dore\/","title":{"rendered":"Sandales Molly Paillet\u00e9 Dor\u00e9"},"content":{"rendered":"<p>Confortable et gracieuse, la sandale Molly ajoute une note \u00e9l\u00e9gante \u00e0 vos pas. Gr\u00e2ce \u00e0 sa conception soign\u00e9e et son talon, elle garantit un maintien parfait tout en \u00e9tant tr\u00e8s f\u00e9minine.<\/p>\n<p>\u2022 Sandales \u00e0 talons<br \/>\u2022 Fabrication artisanale au Portugal<br \/>\u2022 Cuir provenant d&#8217;Espagne et d&#8217;Italie &#8211; certifi\u00e9 LWG (Leather working group)<br \/>\u2022 Brides crois\u00e9es<br \/>\u2022 Bout carr\u00e9<br \/>\u2022 Bride cheville<br \/>\u2022 Accessoire : boucle arrondie dor\u00e9e<br \/>\u2022 Talon : 5,5 cm<\/p>\n<p><strong>Composition :\u00a0<\/strong><\/p>\n<p><span>Dessus : 100% cuir de ch\u00e8vre &#8211; LWG<\/span><br \/><span>Doublure : 100% cuir de vachette &#8211; LWG<\/span><br \/><span>Semelle int\u00e9rieure : 100% cuir de vachette &#8211; LWG<\/span><br \/><span>Semelle ext\u00e9rieure : \u00e9lastom\u00e8re<\/span><\/p>\n","protected":false},"excerpt":{"rendered":"<p>Confortable et gracieuse, la sandale Molly ajoute une note \u00e9l\u00e9gante \u00e0 vos pas. Gr\u00e2ce \u00e0 sa conception soign\u00e9e et son talon, elle garantit un maintien parfait tout en \u00e9tant tr\u00e8s f\u00e9minine. \u2022 Sandales \u00e0 talons\u2022 Fabrication artisanale au Portugal\u2022 Cuir provenant d&#8217;Espagne et d&#8217;Italie &#8211; certifi\u00e9 LWG (Leather working group)\u2022 Brides crois\u00e9es\u2022 Bout carr\u00e9\u2022 Bride [&hellip;]<\/p>\n","protected":false},"featured_media":1510191,"comment_status":"open","ping_status":"closed","template":"","meta":[],"product_brand":[],"product_cat":[1756,1763],"product_tag":[1810],"acf":[],"_links":{"self":[{"href":"https:\/\/streetmarkets.fr\/app\/wp-json\/wp\/v2\/product\/1510190"}],"collection":[{"href":"https:\/\/streetmarkets.fr\/app\/wp-json\/wp\/v2\/product"}],"about":[{"href":"https:\/\/streetmarkets.fr\/app\/wp-json\/wp\/v2\/types\/product"}],"replies":[{"embeddable":true,"href":"https:\/\/streetmarkets.fr\/app\/wp-json\/wp\/v2\/comments?post=1510190"}],"wp:featuredmedia":[{"embeddable":true,"href":"https:\/\/streetmarkets.fr\/app\/wp-json\/wp\/v2\/media\/1510191"}],"wp:attachment":[{"href":"https:\/\/streetmarkets.fr\/app\/wp-json\/wp\/v2\/media?parent=1510190"}],"wp:term":[{"taxonomy":"product_brand","embeddable":true,"href":"https:\/\/streetmarkets.fr\/app\/wp-json\/wp\/v2\/product_brand?post=1510190"},{"taxonomy":"product_cat","embeddable":true,"href":"https:\/\/streetmarkets.fr\/app\/wp-json\/wp\/v2\/product_cat?post=1510190"},{"taxonomy":"product_tag","embeddable":true,"href":"https:\/\/streetmarkets.fr\/app\/wp-json\/wp\/v2\/product_tag?post=1510190"}],"curies":[{"name":"wp","href":"https:\/\/api.w.org\/{rel}","templated":true}]}}