{"id":1510170,"date":"2025-03-13T00:39:25","date_gmt":"2025-03-12T23:39:25","guid":{"rendered":"https:\/\/streetmarkets.fr\/app\/produit\/sandales-axelle-leopard\/"},"modified":"2025-03-24T00:39:11","modified_gmt":"2025-03-23T23:39:11","slug":"sandales-axelle-leopard","status":"publish","type":"product","link":"https:\/\/streetmarkets.fr\/app\/produit\/sandales-axelle-leopard\/","title":{"rendered":"Sandales Axelle L\u00e9opard"},"content":{"rendered":"<p>F\u00e9minine et intemporelle, la sandale Axelle est id\u00e9ale avec toutes vos tenues estivales.<br \/>Ses brides crois\u00e9es \u00e0 l\u2019avant apportent souplesse et \u00e9l\u00e9gance. La version l\u00e9opard apportera une touche rock et tendance \u00e0 vos tenues<\/p>\n<p>\u2022 Sandales plates<br \/>\u2022 Fabrication artisanale au Portugal<br \/>\u2022 Cuir provenant d&#8217;Espagne et d&#8217;Italie &#8211; certifi\u00e9 LWG (Leather working group)<br \/>\u2022 Brides crois\u00e9es<br \/>\u2022 Forme ovale<\/p>\n<p><strong>Composition :\u00a0<\/strong><\/p>\n<p><span>Dessus : 100% cuir de ch\u00e8vre &#8211; LWG<\/span><br \/><span>Doublure : 100% cuir de vachette &#8211; LWG<\/span><br \/><span>Semelle int\u00e9rieure : 100% cuir de vachette &#8211; LWG<\/span><br \/><span>Semelle ext\u00e9rieure : \u00e9lastom\u00e8re<\/span><\/p>\n","protected":false},"excerpt":{"rendered":"<p>F\u00e9minine et intemporelle, la sandale Axelle est id\u00e9ale avec toutes vos tenues estivales.Ses brides crois\u00e9es \u00e0 l\u2019avant apportent souplesse et \u00e9l\u00e9gance. La version l\u00e9opard apportera une touche rock et tendance \u00e0 vos tenues \u2022 Sandales plates\u2022 Fabrication artisanale au Portugal\u2022 Cuir provenant d&#8217;Espagne et d&#8217;Italie &#8211; certifi\u00e9 LWG (Leather working group)\u2022 Brides crois\u00e9es\u2022 Forme ovale [&hellip;]<\/p>\n","protected":false},"featured_media":1510171,"comment_status":"open","ping_status":"closed","template":"","meta":[],"product_brand":[],"product_cat":[1756,1763],"product_tag":[1810],"acf":[],"_links":{"self":[{"href":"https:\/\/streetmarkets.fr\/app\/wp-json\/wp\/v2\/product\/1510170"}],"collection":[{"href":"https:\/\/streetmarkets.fr\/app\/wp-json\/wp\/v2\/product"}],"about":[{"href":"https:\/\/streetmarkets.fr\/app\/wp-json\/wp\/v2\/types\/product"}],"replies":[{"embeddable":true,"href":"https:\/\/streetmarkets.fr\/app\/wp-json\/wp\/v2\/comments?post=1510170"}],"wp:featuredmedia":[{"embeddable":true,"href":"https:\/\/streetmarkets.fr\/app\/wp-json\/wp\/v2\/media\/1510171"}],"wp:attachment":[{"href":"https:\/\/streetmarkets.fr\/app\/wp-json\/wp\/v2\/media?parent=1510170"}],"wp:term":[{"taxonomy":"product_brand","embeddable":true,"href":"https:\/\/streetmarkets.fr\/app\/wp-json\/wp\/v2\/product_brand?post=1510170"},{"taxonomy":"product_cat","embeddable":true,"href":"https:\/\/streetmarkets.fr\/app\/wp-json\/wp\/v2\/product_cat?post=1510170"},{"taxonomy":"product_tag","embeddable":true,"href":"https:\/\/streetmarkets.fr\/app\/wp-json\/wp\/v2\/product_tag?post=1510170"}],"curies":[{"name":"wp","href":"https:\/\/api.w.org\/{rel}","templated":true}]}}