{"id":1510160,"date":"2025-03-13T00:39:24","date_gmt":"2025-03-12T23:39:24","guid":{"rendered":"https:\/\/streetmarkets.fr\/app\/produit\/sandales-faustine-lisse-cognac\/"},"modified":"2025-03-24T00:39:11","modified_gmt":"2025-03-23T23:39:11","slug":"sandales-faustine-lisse-cognac","status":"publish","type":"product","link":"https:\/\/streetmarkets.fr\/app\/produit\/sandales-faustine-lisse-cognac\/","title":{"rendered":"Sandales Faustine Lisse Cognac"},"content":{"rendered":"<p>Faustine, la sandale plate qui incarne un charme authentique. Son allure moderne et ses d\u00e9tails soign\u00e9s apportent une touche d\u2019\u00e9l\u00e9gance \u00e0 vos tenues du quotidien.<\/p>\n<p>\u2022 Sandales plates<br \/>\u2022 Fabrication artisanale au Portugal<br \/>\u2022 Cuir provenant d&#8217;Espagne et d&#8217;Italie &#8211; certifi\u00e9 LWG (Leather working group)<br \/>\u2022 Forme ovale<\/p>\n<p><strong>Composition :\u00a0<\/strong><\/p>\n<p><span>Dessus : 100% cuir de vachette &#8211; LWG<\/span><br \/><span>Doublure : 100% cuir de vachette &#8211; LWG<\/span><br \/><span>Semelle int\u00e9rieure : 100% cuir de vachette &#8211; LWG<\/span><br \/><span>Semelle ext\u00e9rieure : \u00e9lastom\u00e8re<\/span><\/p>\n","protected":false},"excerpt":{"rendered":"<p>Faustine, la sandale plate qui incarne un charme authentique. Son allure moderne et ses d\u00e9tails soign\u00e9s apportent une touche d\u2019\u00e9l\u00e9gance \u00e0 vos tenues du quotidien. \u2022 Sandales plates\u2022 Fabrication artisanale au Portugal\u2022 Cuir provenant d&#8217;Espagne et d&#8217;Italie &#8211; certifi\u00e9 LWG (Leather working group)\u2022 Forme ovale Composition :\u00a0 Dessus : 100% cuir de vachette &#8211; LWGDoublure [&hellip;]<\/p>\n","protected":false},"featured_media":1510161,"comment_status":"open","ping_status":"closed","template":"","meta":[],"product_brand":[],"product_cat":[1756,1763],"product_tag":[1810],"acf":[],"_links":{"self":[{"href":"https:\/\/streetmarkets.fr\/app\/wp-json\/wp\/v2\/product\/1510160"}],"collection":[{"href":"https:\/\/streetmarkets.fr\/app\/wp-json\/wp\/v2\/product"}],"about":[{"href":"https:\/\/streetmarkets.fr\/app\/wp-json\/wp\/v2\/types\/product"}],"replies":[{"embeddable":true,"href":"https:\/\/streetmarkets.fr\/app\/wp-json\/wp\/v2\/comments?post=1510160"}],"wp:featuredmedia":[{"embeddable":true,"href":"https:\/\/streetmarkets.fr\/app\/wp-json\/wp\/v2\/media\/1510161"}],"wp:attachment":[{"href":"https:\/\/streetmarkets.fr\/app\/wp-json\/wp\/v2\/media?parent=1510160"}],"wp:term":[{"taxonomy":"product_brand","embeddable":true,"href":"https:\/\/streetmarkets.fr\/app\/wp-json\/wp\/v2\/product_brand?post=1510160"},{"taxonomy":"product_cat","embeddable":true,"href":"https:\/\/streetmarkets.fr\/app\/wp-json\/wp\/v2\/product_cat?post=1510160"},{"taxonomy":"product_tag","embeddable":true,"href":"https:\/\/streetmarkets.fr\/app\/wp-json\/wp\/v2\/product_tag?post=1510160"}],"curies":[{"name":"wp","href":"https:\/\/api.w.org\/{rel}","templated":true}]}}