{"id":1510124,"date":"2025-03-13T00:39:11","date_gmt":"2025-03-12T23:39:11","guid":{"rendered":"https:\/\/streetmarkets.fr\/app\/produit\/sandales-lilly-dore-clair\/"},"modified":"2025-03-24T00:39:10","modified_gmt":"2025-03-23T23:39:10","slug":"sandales-lilly-dore-clair","status":"publish","type":"product","link":"https:\/\/streetmarkets.fr\/app\/produit\/sandales-lilly-dore-clair\/","title":{"rendered":"Sandales Lilly Dor\u00e9 Clair"},"content":{"rendered":"<p data-mce-fragment=\"1\">Avec ses \u00e9l\u00e9gantes brides, Lilly sera la touche parfaite \u00e0 toutes vos tenues estivales et de c\u00e9r\u00e9monie !<\/p>\n<p data-mce-fragment=\"1\">\u2022 Sandales \u00e0 talons<br data-mce-fragment=\"1\">\u2022 Fabrication artisanale au Portugal<br data-mce-fragment=\"1\">\u2022 Cuir provenant d&#8217;Espagne et d&#8217;Italie &#8211; certifi\u00e9 LWG (Leather working group)<br data-mce-fragment=\"1\">\u2022 Semelle en \u00e9lastom\u00e8re en parti recycl\u00e9e<br data-mce-fragment=\"1\">\u2022 Brides crois\u00e9es<br data-mce-fragment=\"1\">\u2022 Forme ovale<br data-mce-fragment=\"1\">\u2022 Accessoire : boucle rectangulaire dor\u00e9e<br data-mce-fragment=\"1\">\u2022 Talon : 7,5 cm<\/p>\n<p data-mce-fragment=\"1\"><span style=\"text-decoration: underline\">Conseils d&#8217;entretien :<\/span>\u00a0<\/p>\n<p>Nous conseillons d\u2019imperm\u00e9abiliser vos chaussures avant de les porter et de r\u00e9it\u00e9rer l\u2019application une fois par mois.<br \/>Sa pellicule de finition peut s\u2019effacer avec l\u2019usage, cela est normal. Cette usure naturelle n\u2019est pas consid\u00e9r\u00e9e comme un d\u00e9faut.<\/p>\n<p>Le cuir paillet\u00e9 est sensible au contact des solvants &amp; alcools. Nous vous d\u00e9conseillons toute abrasion excessive qui pourrait endommager le fini paillet\u00e9.<\/p>\n","protected":false},"excerpt":{"rendered":"<p>Avec ses \u00e9l\u00e9gantes brides, Lilly sera la touche parfaite \u00e0 toutes vos tenues estivales et de c\u00e9r\u00e9monie ! \u2022 Sandales \u00e0 talons\u2022 Fabrication artisanale au Portugal\u2022 Cuir provenant d&#8217;Espagne et d&#8217;Italie &#8211; certifi\u00e9 LWG (Leather working group)\u2022 Semelle en \u00e9lastom\u00e8re en parti recycl\u00e9e\u2022 Brides crois\u00e9es\u2022 Forme ovale\u2022 Accessoire : boucle rectangulaire dor\u00e9e\u2022 Talon : 7,5 [&hellip;]<\/p>\n","protected":false},"featured_media":1510125,"comment_status":"open","ping_status":"closed","template":"","meta":[],"product_brand":[],"product_cat":[1756,1763],"product_tag":[1810],"acf":[],"_links":{"self":[{"href":"https:\/\/streetmarkets.fr\/app\/wp-json\/wp\/v2\/product\/1510124"}],"collection":[{"href":"https:\/\/streetmarkets.fr\/app\/wp-json\/wp\/v2\/product"}],"about":[{"href":"https:\/\/streetmarkets.fr\/app\/wp-json\/wp\/v2\/types\/product"}],"replies":[{"embeddable":true,"href":"https:\/\/streetmarkets.fr\/app\/wp-json\/wp\/v2\/comments?post=1510124"}],"wp:featuredmedia":[{"embeddable":true,"href":"https:\/\/streetmarkets.fr\/app\/wp-json\/wp\/v2\/media\/1510125"}],"wp:attachment":[{"href":"https:\/\/streetmarkets.fr\/app\/wp-json\/wp\/v2\/media?parent=1510124"}],"wp:term":[{"taxonomy":"product_brand","embeddable":true,"href":"https:\/\/streetmarkets.fr\/app\/wp-json\/wp\/v2\/product_brand?post=1510124"},{"taxonomy":"product_cat","embeddable":true,"href":"https:\/\/streetmarkets.fr\/app\/wp-json\/wp\/v2\/product_cat?post=1510124"},{"taxonomy":"product_tag","embeddable":true,"href":"https:\/\/streetmarkets.fr\/app\/wp-json\/wp\/v2\/product_tag?post=1510124"}],"curies":[{"name":"wp","href":"https:\/\/api.w.org\/{rel}","templated":true}]}}