{"id":1510115,"date":"2025-03-13T00:39:10","date_gmt":"2025-03-12T23:39:10","guid":{"rendered":"https:\/\/streetmarkets.fr\/app\/produit\/sandales-priscille-dore-clair\/"},"modified":"2025-03-24T00:39:10","modified_gmt":"2025-03-23T23:39:10","slug":"sandales-priscille-dore-clair","status":"publish","type":"product","link":"https:\/\/streetmarkets.fr\/app\/produit\/sandales-priscille-dore-clair\/","title":{"rendered":"Sandales Priscille Dor\u00e9 Clair"},"content":{"rendered":"<p><strong>\ufeff<\/strong><\/p>\n<p>Priscille, c&#8217;est l&#8217;escarpin au design \u00e9pur\u00e9 et \u00e0 la teinte intemporelle. Sa bride d\u00e9licate et son talon solide en font le choix parfait pour une sophistication quotidienne.<\/p>\n<p>\u2022 Escarpins<br \/>\u2022 Fabrication artisanale au Portugal<br \/>\u2022 Cuir provenant d&#8217;Espagne et d&#8217;Italie &#8211; certifi\u00e9 LWG (Leather working group)<br \/>\u2022 Semelle en \u00e9lastom\u00e8re<br \/>\u2022 Bride cheville<br \/>\u2022 Forme ovale<br \/>\u2022 Talon : 8 cm<\/p>\n<p><span style=\"text-decoration: underline\">Conseils d&#8217;entretien :<\/span>\u00a0<\/p>\n<p>Nous conseillons d\u2019imperm\u00e9abiliser vos chaussures avant de les porter et de r\u00e9it\u00e9rer l\u2019application une fois par mois.<br \/>Sa pellicule de finition peut s\u2019effacer avec l\u2019usage, cela est normal. Cette usure naturelle n\u2019est pas consid\u00e9r\u00e9e comme un d\u00e9faut.<\/p>\n<p>Le cuir paillet\u00e9 est sensible au contact des solvants &amp; alcools. Nous vous d\u00e9conseillons toute abrasion excessive qui pourrait endommager le fini paillet\u00e9.<\/p>\n","protected":false},"excerpt":{"rendered":"<p>\ufeff Priscille, c&#8217;est l&#8217;escarpin au design \u00e9pur\u00e9 et \u00e0 la teinte intemporelle. Sa bride d\u00e9licate et son talon solide en font le choix parfait pour une sophistication quotidienne. \u2022 Escarpins\u2022 Fabrication artisanale au Portugal\u2022 Cuir provenant d&#8217;Espagne et d&#8217;Italie &#8211; certifi\u00e9 LWG (Leather working group)\u2022 Semelle en \u00e9lastom\u00e8re\u2022 Bride cheville\u2022 Forme ovale\u2022 Talon : 8 [&hellip;]<\/p>\n","protected":false},"featured_media":1510116,"comment_status":"open","ping_status":"closed","template":"","meta":[],"product_brand":[],"product_cat":[1756,1763],"product_tag":[1810],"acf":[],"_links":{"self":[{"href":"https:\/\/streetmarkets.fr\/app\/wp-json\/wp\/v2\/product\/1510115"}],"collection":[{"href":"https:\/\/streetmarkets.fr\/app\/wp-json\/wp\/v2\/product"}],"about":[{"href":"https:\/\/streetmarkets.fr\/app\/wp-json\/wp\/v2\/types\/product"}],"replies":[{"embeddable":true,"href":"https:\/\/streetmarkets.fr\/app\/wp-json\/wp\/v2\/comments?post=1510115"}],"wp:featuredmedia":[{"embeddable":true,"href":"https:\/\/streetmarkets.fr\/app\/wp-json\/wp\/v2\/media\/1510116"}],"wp:attachment":[{"href":"https:\/\/streetmarkets.fr\/app\/wp-json\/wp\/v2\/media?parent=1510115"}],"wp:term":[{"taxonomy":"product_brand","embeddable":true,"href":"https:\/\/streetmarkets.fr\/app\/wp-json\/wp\/v2\/product_brand?post=1510115"},{"taxonomy":"product_cat","embeddable":true,"href":"https:\/\/streetmarkets.fr\/app\/wp-json\/wp\/v2\/product_cat?post=1510115"},{"taxonomy":"product_tag","embeddable":true,"href":"https:\/\/streetmarkets.fr\/app\/wp-json\/wp\/v2\/product_tag?post=1510115"}],"curies":[{"name":"wp","href":"https:\/\/api.w.org\/{rel}","templated":true}]}}