{"id":1510097,"date":"2025-03-13T00:39:07","date_gmt":"2025-03-12T23:39:07","guid":{"rendered":"https:\/\/streetmarkets.fr\/app\/produit\/sandales-bonnie-kaki\/"},"modified":"2025-03-24T00:38:50","modified_gmt":"2025-03-23T23:38:50","slug":"sandales-bonnie-kaki","status":"publish","type":"product","link":"https:\/\/streetmarkets.fr\/app\/produit\/sandales-bonnie-kaki\/","title":{"rendered":"Sandales Bonnie Kaki"},"content":{"rendered":"<p data-mce-fragment=\"1\">\u00c0 la pointe de la mode et confortable, Bonnie est la sandale id\u00e9ale de vos aventures urbaines et audacieuses. Sa double bride lui donne un c\u00f4t\u00e9 tr\u00e8s moderne et tendance.<\/p>\n<p data-mce-fragment=\"1\">Lors de l&#8217;essayage n&#8217;oubliez pas de personnaliser le r\u00e9glage des brides pour un ajustement optimal.<\/p>\n<p data-mce-fragment=\"1\">\u2022 Sandales plates<br data-mce-fragment=\"1\">\u2022 Fabrication artisanale au Portugal<br data-mce-fragment=\"1\">\u2022 Cuir provenant d&#8217;Espagne et d&#8217;Italie &#8211; certifi\u00e9 LWG (Leather working group)<br data-mce-fragment=\"1\">\u2022 Semelle en \u00e9lastom\u00e8re en parti recycl\u00e9e<br data-mce-fragment=\"1\">\u2022 Brides larges ajustables<br data-mce-fragment=\"1\">\u2022 Forme ovale<br data-mce-fragment=\"1\">\u2022 Accessoires : boucles arrondies dor\u00e9es<\/p>\n<p data-mce-fragment=\"1\"><span style=\"text-decoration: underline\">Conseils d&#8217;entretien :\u00a0<\/span><\/p>\n<p data-mce-fragment=\"1\"><span>Nous vous conseillons d\u2019entretenir vos chaussures en cuir velours avec un imperm\u00e9abilisant avant de les porter et d\u2019utiliser une brosse ou une gomme \u00e0 daim r\u00e9guli\u00e8rement pour supprimer les t\u00e2ches \u00e9ventuelles.<\/span><\/p>\n","protected":false},"excerpt":{"rendered":"<p>\u00c0 la pointe de la mode et confortable, Bonnie est la sandale id\u00e9ale de vos aventures urbaines et audacieuses. Sa double bride lui donne un c\u00f4t\u00e9 tr\u00e8s moderne et tendance. Lors de l&#8217;essayage n&#8217;oubliez pas de personnaliser le r\u00e9glage des brides pour un ajustement optimal. \u2022 Sandales plates\u2022 Fabrication artisanale au Portugal\u2022 Cuir provenant d&#8217;Espagne [&hellip;]<\/p>\n","protected":false},"featured_media":1510098,"comment_status":"open","ping_status":"closed","template":"","meta":[],"product_brand":[],"product_cat":[1756,1763],"product_tag":[1810],"acf":[],"_links":{"self":[{"href":"https:\/\/streetmarkets.fr\/app\/wp-json\/wp\/v2\/product\/1510097"}],"collection":[{"href":"https:\/\/streetmarkets.fr\/app\/wp-json\/wp\/v2\/product"}],"about":[{"href":"https:\/\/streetmarkets.fr\/app\/wp-json\/wp\/v2\/types\/product"}],"replies":[{"embeddable":true,"href":"https:\/\/streetmarkets.fr\/app\/wp-json\/wp\/v2\/comments?post=1510097"}],"wp:featuredmedia":[{"embeddable":true,"href":"https:\/\/streetmarkets.fr\/app\/wp-json\/wp\/v2\/media\/1510098"}],"wp:attachment":[{"href":"https:\/\/streetmarkets.fr\/app\/wp-json\/wp\/v2\/media?parent=1510097"}],"wp:term":[{"taxonomy":"product_brand","embeddable":true,"href":"https:\/\/streetmarkets.fr\/app\/wp-json\/wp\/v2\/product_brand?post=1510097"},{"taxonomy":"product_cat","embeddable":true,"href":"https:\/\/streetmarkets.fr\/app\/wp-json\/wp\/v2\/product_cat?post=1510097"},{"taxonomy":"product_tag","embeddable":true,"href":"https:\/\/streetmarkets.fr\/app\/wp-json\/wp\/v2\/product_tag?post=1510097"}],"curies":[{"name":"wp","href":"https:\/\/api.w.org\/{rel}","templated":true}]}}