{"id":1510080,"date":"2025-03-13T00:39:06","date_gmt":"2025-03-12T23:39:06","guid":{"rendered":"https:\/\/streetmarkets.fr\/app\/produit\/sandales-axelle-kaki\/"},"modified":"2025-03-24T00:38:50","modified_gmt":"2025-03-23T23:38:50","slug":"sandales-axelle-kaki","status":"publish","type":"product","link":"https:\/\/streetmarkets.fr\/app\/produit\/sandales-axelle-kaki\/","title":{"rendered":"Sandales Axelle Kaki"},"content":{"rendered":"<p data-mce-fragment=\"1\">F\u00e9minine et intemporelle, la sandale Axelle est id\u00e9ale avec toutes vos tenues estivales.<br data-mce-fragment=\"1\">Ses brides crois\u00e9es \u00e0 l\u2019avant en cuir velours apportent souplesse et \u00e9l\u00e9gance.<\/p>\n<p data-mce-fragment=\"1\">\u2022 Sandales plates<br data-mce-fragment=\"1\">\u2022 Fabrication artisanale au Portugal<br data-mce-fragment=\"1\">\u2022 Cuir provenant d&#8217;Espagne et d&#8217;Italie &#8211; certifi\u00e9 LWG (Leather working group)<br data-mce-fragment=\"1\">\u2022 Semelle en \u00e9lastom\u00e8re en parti recycl\u00e9e<br data-mce-fragment=\"1\">\u2022 Brides tubulaires crois\u00e9es<br data-mce-fragment=\"1\">\u2022 Forme ovale<br data-mce-fragment=\"1\">\u2022 Accessoire : boucle rectangulaire dor\u00e9e<\/p>\n<p data-mce-fragment=\"1\"><span style=\"text-decoration: underline\">Conseils d&#8217;entretien :<\/span>\u00a0<\/p>\n<p data-mce-fragment=\"1\"><span data-mce-fragment=\"1\">Nous vous conseillons d\u2019entretenir vos chaussures en cuir velours avec un imperm\u00e9abilisant avant de les porter et d\u2019utiliser une brosse ou une gomme \u00e0 daim r\u00e9guli\u00e8rement pour supprimer les t\u00e2ches \u00e9ventuelles.<\/span><\/p>\n","protected":false},"excerpt":{"rendered":"<p>F\u00e9minine et intemporelle, la sandale Axelle est id\u00e9ale avec toutes vos tenues estivales.Ses brides crois\u00e9es \u00e0 l\u2019avant en cuir velours apportent souplesse et \u00e9l\u00e9gance. \u2022 Sandales plates\u2022 Fabrication artisanale au Portugal\u2022 Cuir provenant d&#8217;Espagne et d&#8217;Italie &#8211; certifi\u00e9 LWG (Leather working group)\u2022 Semelle en \u00e9lastom\u00e8re en parti recycl\u00e9e\u2022 Brides tubulaires crois\u00e9es\u2022 Forme ovale\u2022 Accessoire : [&hellip;]<\/p>\n","protected":false},"featured_media":1510081,"comment_status":"open","ping_status":"closed","template":"","meta":[],"product_brand":[],"product_cat":[1756,1763],"product_tag":[1810],"acf":[],"_links":{"self":[{"href":"https:\/\/streetmarkets.fr\/app\/wp-json\/wp\/v2\/product\/1510080"}],"collection":[{"href":"https:\/\/streetmarkets.fr\/app\/wp-json\/wp\/v2\/product"}],"about":[{"href":"https:\/\/streetmarkets.fr\/app\/wp-json\/wp\/v2\/types\/product"}],"replies":[{"embeddable":true,"href":"https:\/\/streetmarkets.fr\/app\/wp-json\/wp\/v2\/comments?post=1510080"}],"wp:featuredmedia":[{"embeddable":true,"href":"https:\/\/streetmarkets.fr\/app\/wp-json\/wp\/v2\/media\/1510081"}],"wp:attachment":[{"href":"https:\/\/streetmarkets.fr\/app\/wp-json\/wp\/v2\/media?parent=1510080"}],"wp:term":[{"taxonomy":"product_brand","embeddable":true,"href":"https:\/\/streetmarkets.fr\/app\/wp-json\/wp\/v2\/product_brand?post=1510080"},{"taxonomy":"product_cat","embeddable":true,"href":"https:\/\/streetmarkets.fr\/app\/wp-json\/wp\/v2\/product_cat?post=1510080"},{"taxonomy":"product_tag","embeddable":true,"href":"https:\/\/streetmarkets.fr\/app\/wp-json\/wp\/v2\/product_tag?post=1510080"}],"curies":[{"name":"wp","href":"https:\/\/api.w.org\/{rel}","templated":true}]}}