{"id":1510069,"date":"2025-03-13T00:38:48","date_gmt":"2025-03-12T23:38:48","guid":{"rendered":"https:\/\/streetmarkets.fr\/app\/produit\/sac-raphia-mandarina\/"},"modified":"2025-03-24T00:38:49","modified_gmt":"2025-03-23T23:38:49","slug":"sac-raphia-mandarina","status":"publish","type":"product","link":"https:\/\/streetmarkets.fr\/app\/produit\/sac-raphia-mandarina\/","title":{"rendered":"Sac Raphia Mandarina"},"content":{"rendered":"<p><span>Le sac id\u00e9al pour aller \u00e0 la plage ou se promener. Ses dimensions sont parfaites : il est volumineux et permet de transporter tout le n\u00e9cessaire. Les rayures tricolores lui conf\u00e8rent la touche sp\u00e9ciale qui le rend unique.<\/span><\/p>\n<p><span><strong>Composition :<\/strong>\u00a0100% raphia &#8211; Anses en cuir<\/span><\/p>\n<p><span>Dimension : 34cm x 41cm x 15cm<\/span><\/p>\n","protected":false},"excerpt":{"rendered":"<p>Le sac id\u00e9al pour aller \u00e0 la plage ou se promener. Ses dimensions sont parfaites : il est volumineux et permet de transporter tout le n\u00e9cessaire. Les rayures tricolores lui conf\u00e8rent la touche sp\u00e9ciale qui le rend unique. Composition :\u00a0100% raphia &#8211; Anses en cuir Dimension : 34cm x 41cm x 15cm<\/p>\n","protected":false},"featured_media":1510070,"comment_status":"open","ping_status":"closed","template":"","meta":[],"product_brand":[],"product_cat":[1756,1764],"product_tag":[1810],"acf":[],"_links":{"self":[{"href":"https:\/\/streetmarkets.fr\/app\/wp-json\/wp\/v2\/product\/1510069"}],"collection":[{"href":"https:\/\/streetmarkets.fr\/app\/wp-json\/wp\/v2\/product"}],"about":[{"href":"https:\/\/streetmarkets.fr\/app\/wp-json\/wp\/v2\/types\/product"}],"replies":[{"embeddable":true,"href":"https:\/\/streetmarkets.fr\/app\/wp-json\/wp\/v2\/comments?post=1510069"}],"wp:featuredmedia":[{"embeddable":true,"href":"https:\/\/streetmarkets.fr\/app\/wp-json\/wp\/v2\/media\/1510070"}],"wp:attachment":[{"href":"https:\/\/streetmarkets.fr\/app\/wp-json\/wp\/v2\/media?parent=1510069"}],"wp:term":[{"taxonomy":"product_brand","embeddable":true,"href":"https:\/\/streetmarkets.fr\/app\/wp-json\/wp\/v2\/product_brand?post=1510069"},{"taxonomy":"product_cat","embeddable":true,"href":"https:\/\/streetmarkets.fr\/app\/wp-json\/wp\/v2\/product_cat?post=1510069"},{"taxonomy":"product_tag","embeddable":true,"href":"https:\/\/streetmarkets.fr\/app\/wp-json\/wp\/v2\/product_tag?post=1510069"}],"curies":[{"name":"wp","href":"https:\/\/api.w.org\/{rel}","templated":true}]}}