{"id":1509615,"date":"2025-03-13T00:34:50","date_gmt":"2025-03-12T23:34:50","guid":{"rendered":"https:\/\/streetmarkets.fr\/app\/produit\/fam-fauve-navy\/"},"modified":"2025-12-14T00:29:18","modified_gmt":"2025-12-13T23:29:18","slug":"fam-fauve-navy","status":"publish","type":"product","link":"https:\/\/streetmarkets.fr\/app\/produit\/fam-fauve-navy\/","title":{"rendered":"FAM &#8211; Fauve Navy"},"content":{"rendered":"<h1 class=\"product__title product__block product__block--small ff-heading fs-heading-2-large fs-heading-1-base-ns\"><span style=\"font-size: 16px\">Jean \u00e9vas\u00e9 taille haute en coton<\/span><\/h1>\n<div class=\"product__description product__block product__block--medium\">\n<div class=\"product__description-content rte rte--product ff-body fs-body-small\" data-description=\"\">\n<p>Avec sa taille haute, sa coupe \u00e9vas\u00e9e,\u00a0Navy\u00a0FAUVE\u00a0 apportera une douceur f\u00e9line \u00e0 votre garde robe.<\/p>\n<ul>\n<li>Coupe \u00e9vas\u00e9e<\/li>\n<li>Longueur normale<\/li>\n<li>Taille haute<\/li>\n<\/ul>\n<p><strong>Couleur :\u00a0<\/strong>Bleu marine (Navy)<br \/>\n<strong>Composition :<\/strong>\u00a098%Coton 2%Elasthanne<\/p>\n<\/div>\n<\/div>\n","protected":false},"excerpt":{"rendered":"<p>Jean \u00e9vas\u00e9 taille haute en coton Avec sa taille haute, sa coupe \u00e9vas\u00e9e,\u00a0Navy\u00a0FAUVE\u00a0 apportera une douceur f\u00e9line \u00e0 votre garde robe. Coupe \u00e9vas\u00e9e Longueur normale Taille haute Couleur :\u00a0Bleu marine (Navy) Composition :\u00a098%Coton 2%Elasthanne<\/p>\n","protected":false},"featured_media":1509616,"comment_status":"open","ping_status":"closed","template":"","meta":[],"product_brand":[],"product_cat":[1756,1762],"product_tag":[1810],"acf":[],"_links":{"self":[{"href":"https:\/\/streetmarkets.fr\/app\/wp-json\/wp\/v2\/product\/1509615"}],"collection":[{"href":"https:\/\/streetmarkets.fr\/app\/wp-json\/wp\/v2\/product"}],"about":[{"href":"https:\/\/streetmarkets.fr\/app\/wp-json\/wp\/v2\/types\/product"}],"replies":[{"embeddable":true,"href":"https:\/\/streetmarkets.fr\/app\/wp-json\/wp\/v2\/comments?post=1509615"}],"wp:featuredmedia":[{"embeddable":true,"href":"https:\/\/streetmarkets.fr\/app\/wp-json\/wp\/v2\/media\/1509616"}],"wp:attachment":[{"href":"https:\/\/streetmarkets.fr\/app\/wp-json\/wp\/v2\/media?parent=1509615"}],"wp:term":[{"taxonomy":"product_brand","embeddable":true,"href":"https:\/\/streetmarkets.fr\/app\/wp-json\/wp\/v2\/product_brand?post=1509615"},{"taxonomy":"product_cat","embeddable":true,"href":"https:\/\/streetmarkets.fr\/app\/wp-json\/wp\/v2\/product_cat?post=1509615"},{"taxonomy":"product_tag","embeddable":true,"href":"https:\/\/streetmarkets.fr\/app\/wp-json\/wp\/v2\/product_tag?post=1509615"}],"curies":[{"name":"wp","href":"https:\/\/api.w.org\/{rel}","templated":true}]}}