{"id":1493247,"date":"2025-03-10T00:48:18","date_gmt":"2025-03-09T23:48:18","guid":{"rendered":"https:\/\/streetmarkets.fr\/app\/produit\/jupe-bleu-royal-en-crepe-decovero\/"},"modified":"2026-05-13T01:44:02","modified_gmt":"2026-05-12T23:44:02","slug":"jupe-bleu-royal-en-crepe-decovero","status":"publish","type":"product","link":"https:\/\/streetmarkets.fr\/app\/produit\/jupe-bleu-royal-en-crepe-decovero\/","title":{"rendered":"Jupe bleu royal en cr\u00eape d&#8217;Ecovero"},"content":{"rendered":"<ul>\n<li>jupe fluide en\u00a0<strong>cr\u00eape<\/strong> d&#8217;Ecovero<\/li>\n<li><strong>bleu royal\u00a0<\/strong><\/li>\n<li>\u00e9lastiqu\u00e9e \u00e0 la taille\n<\/li>\n<li>100% <strong>Ecovero<\/strong>, la viscose \u00e9cologique mise au point par <strong>Lenzing\u00a0<img decoding=\"async\" data-mce-fragment=\"1\" alt=\"\" src=\"https:\/\/cdn.shopify.com\/s\/files\/1\/0365\/8730\/7148\/files\/badge-ecovero_32x32.jpg?v=1589974738\"><\/strong>\n<\/li>\n<li>marque <strong>\u00e9thique<\/strong> allemande <strong>Tranquillo\u00a0<\/strong>\n<\/li>\n<\/ul>\n<p><strong>&lt; Voici une <span>jupe<\/span> l\u00e9g\u00e8re\u00a0<\/strong><strong>et confortable \u00e0 porter toute la saison &gt;<\/strong><\/p>\n<ul><\/ul>\n","protected":false},"excerpt":{"rendered":"<p>jupe fluide en\u00a0cr\u00eape d&#8217;Ecovero bleu royal\u00a0 \u00e9lastiqu\u00e9e \u00e0 la taille 100% Ecovero, la viscose \u00e9cologique mise au point par Lenzing\u00a0 marque \u00e9thique allemande Tranquillo\u00a0 &lt; Voici une jupe l\u00e9g\u00e8re\u00a0et confortable \u00e0 porter toute la saison &gt;<\/p>\n","protected":false},"featured_media":1493248,"comment_status":"open","ping_status":"closed","template":"","meta":[],"product_brand":[],"product_cat":[1756,1762],"product_tag":[1810],"acf":[],"_links":{"self":[{"href":"https:\/\/streetmarkets.fr\/app\/wp-json\/wp\/v2\/product\/1493247"}],"collection":[{"href":"https:\/\/streetmarkets.fr\/app\/wp-json\/wp\/v2\/product"}],"about":[{"href":"https:\/\/streetmarkets.fr\/app\/wp-json\/wp\/v2\/types\/product"}],"replies":[{"embeddable":true,"href":"https:\/\/streetmarkets.fr\/app\/wp-json\/wp\/v2\/comments?post=1493247"}],"wp:featuredmedia":[{"embeddable":true,"href":"https:\/\/streetmarkets.fr\/app\/wp-json\/wp\/v2\/media\/1493248"}],"wp:attachment":[{"href":"https:\/\/streetmarkets.fr\/app\/wp-json\/wp\/v2\/media?parent=1493247"}],"wp:term":[{"taxonomy":"product_brand","embeddable":true,"href":"https:\/\/streetmarkets.fr\/app\/wp-json\/wp\/v2\/product_brand?post=1493247"},{"taxonomy":"product_cat","embeddable":true,"href":"https:\/\/streetmarkets.fr\/app\/wp-json\/wp\/v2\/product_cat?post=1493247"},{"taxonomy":"product_tag","embeddable":true,"href":"https:\/\/streetmarkets.fr\/app\/wp-json\/wp\/v2\/product_tag?post=1493247"}],"curies":[{"name":"wp","href":"https:\/\/api.w.org\/{rel}","templated":true}]}}