{"id":1492122,"date":"2025-03-09T07:50:39","date_gmt":"2025-03-09T06:50:39","guid":{"rendered":"https:\/\/streetmarkets.fr\/app\/produit\/barkley-jogger-camel-coffee-sneakers-back-70\/"},"modified":"2026-05-08T08:38:12","modified_gmt":"2026-05-08T06:38:12","slug":"barkley-jogger-camel-coffee-sneakers-back-70","status":"publish","type":"product","link":"https:\/\/streetmarkets.fr\/app\/produit\/barkley-jogger-camel-coffee-sneakers-back-70\/","title":{"rendered":"Basket Barkley jogger camel coffee sneakers &#8211; Back 70"},"content":{"rendered":"<p>Le Barkley Jogger, votre nouveau classique incontournable aux ambiances r\u00e9tro, disponible dans des tons neutres essentiels et des couleurs pop.\u00a0<\/p>\n<p>\u00a0L&#8217;esth\u00e9tique r\u00e9tro a une touche vintage, int\u00e9gr\u00e9e \u00e0 une coupe moderne qui offre \u00e0 la fois confort et style.<\/p>\n<p>Mat\u00e9riels:<br \/>&#8211; Tige en cuir, daim et tissu<br \/>&#8211; Doubl\u00e9 de tissu souple et flexible<br \/>&#8211; Semelle int\u00e9rieure amovible en mousse<br \/>&#8211; Semelle ext\u00e9rieure en caoutchouc<br \/>&#8211; Lacets tress\u00e9s de qualit\u00e9<br \/>&#8211; Style streetwear<\/p>\n","protected":false},"excerpt":{"rendered":"<p>Le Barkley Jogger, votre nouveau classique incontournable aux ambiances r\u00e9tro, disponible dans des tons neutres essentiels et des couleurs pop.\u00a0 \u00a0L&#8217;esth\u00e9tique r\u00e9tro a une touche vintage, int\u00e9gr\u00e9e \u00e0 une coupe moderne qui offre \u00e0 la fois confort et style. Mat\u00e9riels:&#8211; Tige en cuir, daim et tissu&#8211; Doubl\u00e9 de tissu souple et flexible&#8211; Semelle int\u00e9rieure amovible [&hellip;]<\/p>\n","protected":false},"featured_media":1492123,"comment_status":"open","ping_status":"closed","template":"","meta":[],"product_brand":[],"product_cat":[1756,1763],"product_tag":[2244],"acf":[],"_links":{"self":[{"href":"https:\/\/streetmarkets.fr\/app\/wp-json\/wp\/v2\/product\/1492122"}],"collection":[{"href":"https:\/\/streetmarkets.fr\/app\/wp-json\/wp\/v2\/product"}],"about":[{"href":"https:\/\/streetmarkets.fr\/app\/wp-json\/wp\/v2\/types\/product"}],"replies":[{"embeddable":true,"href":"https:\/\/streetmarkets.fr\/app\/wp-json\/wp\/v2\/comments?post=1492122"}],"wp:featuredmedia":[{"embeddable":true,"href":"https:\/\/streetmarkets.fr\/app\/wp-json\/wp\/v2\/media\/1492123"}],"wp:attachment":[{"href":"https:\/\/streetmarkets.fr\/app\/wp-json\/wp\/v2\/media?parent=1492122"}],"wp:term":[{"taxonomy":"product_brand","embeddable":true,"href":"https:\/\/streetmarkets.fr\/app\/wp-json\/wp\/v2\/product_brand?post=1492122"},{"taxonomy":"product_cat","embeddable":true,"href":"https:\/\/streetmarkets.fr\/app\/wp-json\/wp\/v2\/product_cat?post=1492122"},{"taxonomy":"product_tag","embeddable":true,"href":"https:\/\/streetmarkets.fr\/app\/wp-json\/wp\/v2\/product_tag?post=1492122"}],"curies":[{"name":"wp","href":"https:\/\/api.w.org\/{rel}","templated":true}]}}