{"id":1491862,"date":"2025-03-09T03:08:31","date_gmt":"2025-03-09T02:08:31","guid":{"rendered":"https:\/\/streetmarkets.fr\/app\/produit\/standard-diffuser-barney\/"},"modified":"2026-05-09T03:50:32","modified_gmt":"2026-05-09T01:50:32","slug":"standard-diffuser-barney","status":"publish","type":"product","link":"https:\/\/streetmarkets.fr\/app\/produit\/standard-diffuser-barney\/","title":{"rendered":"Standard Diffuser BARNEY*"},"content":{"rendered":"<p>Diffuseur de taille standard au parfum propre et relaxant de bulles de savon infus\u00e9 d&#8217;ozone et de bois de c\u00e8dre.<\/p>\n<p>Con\u00e7u pour les espaces de vie et de travail, ce diffuseur dure 6 \u00e0 8 mois et comprend 1 jeu de 10 m\u00e8ches.\u00a0<\/p>\n<p>Fabriquer au Japon<\/p>\n<p>RTW-299<\/p>\n","protected":false},"excerpt":{"rendered":"<p>Diffuseur de taille standard au parfum propre et relaxant de bulles de savon infus\u00e9 d&#8217;ozone et de bois de c\u00e8dre. Con\u00e7u pour les espaces de vie et de travail, ce diffuseur dure 6 \u00e0 8 mois et comprend 1 jeu de 10 m\u00e8ches.\u00a0 Fabriquer au Japon RTW-299<\/p>\n","protected":false},"featured_media":1491863,"comment_status":"open","ping_status":"closed","template":"","meta":[],"product_brand":[],"product_cat":[1756,1760],"product_tag":[2244],"acf":[],"_links":{"self":[{"href":"https:\/\/streetmarkets.fr\/app\/wp-json\/wp\/v2\/product\/1491862"}],"collection":[{"href":"https:\/\/streetmarkets.fr\/app\/wp-json\/wp\/v2\/product"}],"about":[{"href":"https:\/\/streetmarkets.fr\/app\/wp-json\/wp\/v2\/types\/product"}],"replies":[{"embeddable":true,"href":"https:\/\/streetmarkets.fr\/app\/wp-json\/wp\/v2\/comments?post=1491862"}],"wp:featuredmedia":[{"embeddable":true,"href":"https:\/\/streetmarkets.fr\/app\/wp-json\/wp\/v2\/media\/1491863"}],"wp:attachment":[{"href":"https:\/\/streetmarkets.fr\/app\/wp-json\/wp\/v2\/media?parent=1491862"}],"wp:term":[{"taxonomy":"product_brand","embeddable":true,"href":"https:\/\/streetmarkets.fr\/app\/wp-json\/wp\/v2\/product_brand?post=1491862"},{"taxonomy":"product_cat","embeddable":true,"href":"https:\/\/streetmarkets.fr\/app\/wp-json\/wp\/v2\/product_cat?post=1491862"},{"taxonomy":"product_tag","embeddable":true,"href":"https:\/\/streetmarkets.fr\/app\/wp-json\/wp\/v2\/product_tag?post=1491862"}],"curies":[{"name":"wp","href":"https:\/\/api.w.org\/{rel}","templated":true}]}}