{"id":1486790,"date":"2025-03-09T00:16:00","date_gmt":"2025-03-08T23:16:00","guid":{"rendered":"https:\/\/streetmarkets.fr\/app\/produit\/foulard-bloom-magenta\/"},"modified":"2025-11-24T00:15:50","modified_gmt":"2025-11-23T23:15:50","slug":"foulard-bloom-magenta","status":"publish","type":"product","link":"https:\/\/streetmarkets.fr\/app\/produit\/foulard-bloom-magenta\/","title":{"rendered":"Foulard Bloom &#8211; Magenta"},"content":{"rendered":"<p>Un foulard en coton, doux et respirant, imprim\u00e9 \u00e0 la main selon la technique du block print et teint\u00e9 avec des encres v\u00e9g\u00e9tales. Bloom en magenta apporte ce twist color\u00e9 qui sublime un jean-tee comme une robe d\u2019\u00e9t\u00e9. Deux formats pour suivre toutes vos envies: le petit carr\u00e9 (50&#215;50 cm) pour un bandana, un headband ou une anse de sac, et le grand (100&#215;100 cm) pour un drap\u00e9 g\u00e9n\u00e9reux autour du cou ou un turban styl\u00e9. Chaque impression artisanale donne du relief au motif et un caract\u00e8re unique \u00e0 la pi\u00e8ce. Un accessoire facile \u00e0 offrir, encore plus facile \u00e0 porter, qui coche la case beau, utile et naturel.<\/p>\n","protected":false},"excerpt":{"rendered":"<p>Un foulard en coton, doux et respirant, imprim\u00e9 \u00e0 la main selon la technique du block print et teint\u00e9 avec des encres v\u00e9g\u00e9tales. Bloom en magenta apporte ce twist color\u00e9 qui sublime un jean-tee comme une robe d\u2019\u00e9t\u00e9. Deux formats pour suivre toutes vos envies: le petit carr\u00e9 (50&#215;50 cm) pour un bandana, un headband [&hellip;]<\/p>\n","protected":false},"featured_media":1486791,"comment_status":"open","ping_status":"closed","template":"","meta":[],"product_brand":[],"product_cat":[1756,1764],"product_tag":[1810],"acf":[],"_links":{"self":[{"href":"https:\/\/streetmarkets.fr\/app\/wp-json\/wp\/v2\/product\/1486790"}],"collection":[{"href":"https:\/\/streetmarkets.fr\/app\/wp-json\/wp\/v2\/product"}],"about":[{"href":"https:\/\/streetmarkets.fr\/app\/wp-json\/wp\/v2\/types\/product"}],"replies":[{"embeddable":true,"href":"https:\/\/streetmarkets.fr\/app\/wp-json\/wp\/v2\/comments?post=1486790"}],"wp:featuredmedia":[{"embeddable":true,"href":"https:\/\/streetmarkets.fr\/app\/wp-json\/wp\/v2\/media\/1486791"}],"wp:attachment":[{"href":"https:\/\/streetmarkets.fr\/app\/wp-json\/wp\/v2\/media?parent=1486790"}],"wp:term":[{"taxonomy":"product_brand","embeddable":true,"href":"https:\/\/streetmarkets.fr\/app\/wp-json\/wp\/v2\/product_brand?post=1486790"},{"taxonomy":"product_cat","embeddable":true,"href":"https:\/\/streetmarkets.fr\/app\/wp-json\/wp\/v2\/product_cat?post=1486790"},{"taxonomy":"product_tag","embeddable":true,"href":"https:\/\/streetmarkets.fr\/app\/wp-json\/wp\/v2\/product_tag?post=1486790"}],"curies":[{"name":"wp","href":"https:\/\/api.w.org\/{rel}","templated":true}]}}