{"id":1486676,"date":"2025-03-09T00:15:11","date_gmt":"2025-03-08T23:15:11","guid":{"rendered":"https:\/\/streetmarkets.fr\/app\/produit\/pantalon-jaimini-joy-macadamia\/"},"modified":"2025-11-24T00:15:49","modified_gmt":"2025-11-23T23:15:49","slug":"pantalon-jaimini-joy-macadamia","status":"publish","type":"product","link":"https:\/\/streetmarkets.fr\/app\/produit\/pantalon-jaimini-joy-macadamia\/","title":{"rendered":"Pantalon Jaimini &#8211; Joy Macadamia"},"content":{"rendered":"<p>Avec son imprim\u00e9 Joy Macadamia lumineux, ce pantalon fluide donne instantan\u00e9ment du caract\u00e8re \u00e0 une tenue. Sa taille \u00e9lastique assure un confort r\u00e9el tout au long de la journ\u00e9e, tandis que la coupe danse autour de la jambe pour un tomb\u00e9 l\u00e9ger et flatteur. On l\u2019enfile pour un look d\u00e9contract\u00e9 avec des baskets, ou on le twiste avec des sandales et une veste pour une allure plus sophistiqu\u00e9e.<br \/>\nFabriqu\u00e9 au Portugal en 100 % viscose, il est agr\u00e9able sur la peau et accompagne les mouvements sans contraindre. En version ensemble, il se coordonne au chemisier Daya assorti pour un effet combi tr\u00e8s simple \u00e0 porter.<\/p>\n","protected":false},"excerpt":{"rendered":"<p>Avec son imprim\u00e9 Joy Macadamia lumineux, ce pantalon fluide donne instantan\u00e9ment du caract\u00e8re \u00e0 une tenue. Sa taille \u00e9lastique assure un confort r\u00e9el tout au long de la journ\u00e9e, tandis que la coupe danse autour de la jambe pour un tomb\u00e9 l\u00e9ger et flatteur. On l\u2019enfile pour un look d\u00e9contract\u00e9 avec des baskets, ou on [&hellip;]<\/p>\n","protected":false},"featured_media":1486677,"comment_status":"open","ping_status":"closed","template":"","meta":[],"product_brand":[],"product_cat":[1756,1762],"product_tag":[1810],"acf":[],"_links":{"self":[{"href":"https:\/\/streetmarkets.fr\/app\/wp-json\/wp\/v2\/product\/1486676"}],"collection":[{"href":"https:\/\/streetmarkets.fr\/app\/wp-json\/wp\/v2\/product"}],"about":[{"href":"https:\/\/streetmarkets.fr\/app\/wp-json\/wp\/v2\/types\/product"}],"replies":[{"embeddable":true,"href":"https:\/\/streetmarkets.fr\/app\/wp-json\/wp\/v2\/comments?post=1486676"}],"wp:featuredmedia":[{"embeddable":true,"href":"https:\/\/streetmarkets.fr\/app\/wp-json\/wp\/v2\/media\/1486677"}],"wp:attachment":[{"href":"https:\/\/streetmarkets.fr\/app\/wp-json\/wp\/v2\/media?parent=1486676"}],"wp:term":[{"taxonomy":"product_brand","embeddable":true,"href":"https:\/\/streetmarkets.fr\/app\/wp-json\/wp\/v2\/product_brand?post=1486676"},{"taxonomy":"product_cat","embeddable":true,"href":"https:\/\/streetmarkets.fr\/app\/wp-json\/wp\/v2\/product_cat?post=1486676"},{"taxonomy":"product_tag","embeddable":true,"href":"https:\/\/streetmarkets.fr\/app\/wp-json\/wp\/v2\/product_tag?post=1486676"}],"curies":[{"name":"wp","href":"https:\/\/api.w.org\/{rel}","templated":true}]}}