{"id":1486668,"date":"2025-03-09T00:15:11","date_gmt":"2025-03-08T23:15:11","guid":{"rendered":"https:\/\/streetmarkets.fr\/app\/produit\/pantalon-hital-marguerite-olive\/"},"modified":"2025-11-24T00:15:49","modified_gmt":"2025-11-23T23:15:49","slug":"pantalon-hital-marguerite-olive","status":"publish","type":"product","link":"https:\/\/streetmarkets.fr\/app\/produit\/pantalon-hital-marguerite-olive\/","title":{"rendered":"Pantalon Hital &#8211; Marguerite Olive"},"content":{"rendered":"<p>Avec son imprim\u00e9 <strong>Marguerite Olive<\/strong>, ce pantalon fluide apporte une note fra\u00eeche et f\u00e9minine \u00e0 la silhouette. Sa <strong>viscose soyeuse<\/strong> glisse sur la peau, offre une vraie l\u00e9g\u00e8ret\u00e9 et un confort qui suit tous vos mouvements.<\/p>\n<p>La <strong>coupe fluide<\/strong> et le tomb\u00e9 \u00e9l\u00e9gant allongent la ligne sans comprimer, parfait pour une tenue chic au quotidien comme pour une occasion sp\u00e9ciale. Fabriqu\u00e9 au <strong>Portugal<\/strong>, il conjugue style, confort et belle confection.<\/p>\n<p>Envie d\u2019un ensemble coordonn\u00e9 facile \u00e0 porter ? Associez-le au <strong>Top Divaly<\/strong> assorti. Un <em>pantalon fleuri femme<\/em> \u00e9l\u00e9gant et confortable, pr\u00eat pour le bureau, un d\u00eener ou une c\u00e9r\u00e9monie.<\/p>\n","protected":false},"excerpt":{"rendered":"<p>Avec son imprim\u00e9 Marguerite Olive, ce pantalon fluide apporte une note fra\u00eeche et f\u00e9minine \u00e0 la silhouette. Sa viscose soyeuse glisse sur la peau, offre une vraie l\u00e9g\u00e8ret\u00e9 et un confort qui suit tous vos mouvements. La coupe fluide et le tomb\u00e9 \u00e9l\u00e9gant allongent la ligne sans comprimer, parfait pour une tenue chic au quotidien [&hellip;]<\/p>\n","protected":false},"featured_media":1486669,"comment_status":"open","ping_status":"closed","template":"","meta":[],"product_brand":[],"product_cat":[1756,1762],"product_tag":[1810],"acf":[],"_links":{"self":[{"href":"https:\/\/streetmarkets.fr\/app\/wp-json\/wp\/v2\/product\/1486668"}],"collection":[{"href":"https:\/\/streetmarkets.fr\/app\/wp-json\/wp\/v2\/product"}],"about":[{"href":"https:\/\/streetmarkets.fr\/app\/wp-json\/wp\/v2\/types\/product"}],"replies":[{"embeddable":true,"href":"https:\/\/streetmarkets.fr\/app\/wp-json\/wp\/v2\/comments?post=1486668"}],"wp:featuredmedia":[{"embeddable":true,"href":"https:\/\/streetmarkets.fr\/app\/wp-json\/wp\/v2\/media\/1486669"}],"wp:attachment":[{"href":"https:\/\/streetmarkets.fr\/app\/wp-json\/wp\/v2\/media?parent=1486668"}],"wp:term":[{"taxonomy":"product_brand","embeddable":true,"href":"https:\/\/streetmarkets.fr\/app\/wp-json\/wp\/v2\/product_brand?post=1486668"},{"taxonomy":"product_cat","embeddable":true,"href":"https:\/\/streetmarkets.fr\/app\/wp-json\/wp\/v2\/product_cat?post=1486668"},{"taxonomy":"product_tag","embeddable":true,"href":"https:\/\/streetmarkets.fr\/app\/wp-json\/wp\/v2\/product_tag?post=1486668"}],"curies":[{"name":"wp","href":"https:\/\/api.w.org\/{rel}","templated":true}]}}