{"id":1486636,"date":"2025-03-09T00:15:08","date_gmt":"2025-03-08T23:15:08","guid":{"rendered":"https:\/\/streetmarkets.fr\/app\/produit\/blouse-bimy-aubergine\/"},"modified":"2025-11-24T00:15:49","modified_gmt":"2025-11-23T23:15:49","slug":"blouse-bimy-aubergine","status":"publish","type":"product","link":"https:\/\/streetmarkets.fr\/app\/produit\/blouse-bimy-aubergine\/","title":{"rendered":"Blouse Bimy &#8211; Aubergine"},"content":{"rendered":"<p>Une pi\u00e8ce confortable et facile \u00e0 vivre, pens\u00e9e pour celles qui aiment la simplicit\u00e9 bien coup\u00e9e. Gr\u00e2ce \u00e0 son molleton doux, cette blouse se porte comme un sweat et enveloppe sans alourdir. La teinte aubergine, unie et profonde, s\u2019accorde avec un jean clair, une jupe midi ou un pantalon tailleur pour un rendu moderne et \u00e9l\u00e9gant.<br \/>\n100 % coton respirant, fabrication au Portugal, finitions soign\u00e9es: on retrouve la sensation cosy d\u2019un sweat avec la f\u00e9minit\u00e9 d\u2019une blouse. Parfaite pour la semaine comme pour le weekend, elle devient vite un basique \u00e0 r\u00e9inventer toute l\u2019ann\u00e9e.<\/p>\n","protected":false},"excerpt":{"rendered":"<p>Une pi\u00e8ce confortable et facile \u00e0 vivre, pens\u00e9e pour celles qui aiment la simplicit\u00e9 bien coup\u00e9e. Gr\u00e2ce \u00e0 son molleton doux, cette blouse se porte comme un sweat et enveloppe sans alourdir. La teinte aubergine, unie et profonde, s\u2019accorde avec un jean clair, une jupe midi ou un pantalon tailleur pour un rendu moderne et [&hellip;]<\/p>\n","protected":false},"featured_media":1486637,"comment_status":"open","ping_status":"closed","template":"","meta":[],"product_brand":[],"product_cat":[1756,1762],"product_tag":[1810],"acf":[],"_links":{"self":[{"href":"https:\/\/streetmarkets.fr\/app\/wp-json\/wp\/v2\/product\/1486636"}],"collection":[{"href":"https:\/\/streetmarkets.fr\/app\/wp-json\/wp\/v2\/product"}],"about":[{"href":"https:\/\/streetmarkets.fr\/app\/wp-json\/wp\/v2\/types\/product"}],"replies":[{"embeddable":true,"href":"https:\/\/streetmarkets.fr\/app\/wp-json\/wp\/v2\/comments?post=1486636"}],"wp:featuredmedia":[{"embeddable":true,"href":"https:\/\/streetmarkets.fr\/app\/wp-json\/wp\/v2\/media\/1486637"}],"wp:attachment":[{"href":"https:\/\/streetmarkets.fr\/app\/wp-json\/wp\/v2\/media?parent=1486636"}],"wp:term":[{"taxonomy":"product_brand","embeddable":true,"href":"https:\/\/streetmarkets.fr\/app\/wp-json\/wp\/v2\/product_brand?post=1486636"},{"taxonomy":"product_cat","embeddable":true,"href":"https:\/\/streetmarkets.fr\/app\/wp-json\/wp\/v2\/product_cat?post=1486636"},{"taxonomy":"product_tag","embeddable":true,"href":"https:\/\/streetmarkets.fr\/app\/wp-json\/wp\/v2\/product_tag?post=1486636"}],"curies":[{"name":"wp","href":"https:\/\/api.w.org\/{rel}","templated":true}]}}