{"id":1486145,"date":"2025-03-08T03:06:58","date_gmt":"2025-03-08T02:06:58","guid":{"rendered":"https:\/\/streetmarkets.fr\/app\/produit\/liquid-perfume-evelyn\/"},"modified":"2026-05-10T03:50:51","modified_gmt":"2026-05-10T01:50:51","slug":"liquid-perfume-evelyn","status":"publish","type":"product","link":"https:\/\/streetmarkets.fr\/app\/produit\/liquid-perfume-evelyn\/","title":{"rendered":"Liquid Perfume EVELYN*"},"content":{"rendered":"<p style=\"text-align: center\"><strong>En raison des restrictions d&#8217;exp\u00e9dition, nous ne sommes pas en mesure d&#8217;exp\u00e9dier des articles sous pression ou inflammables vers des destinations situ\u00e9es en dehors de l&#8217;UE.<\/strong><\/p>\n<p>Parfum fruit\u00e9 m\u00ealant des notes de bergamote et de champagne.<\/p>\n<p>Fabriqu\u00e9 au Japon<\/p>\n<p>RTW-461<\/p>\n","protected":false},"excerpt":{"rendered":"<p>En raison des restrictions d&#8217;exp\u00e9dition, nous ne sommes pas en mesure d&#8217;exp\u00e9dier des articles sous pression ou inflammables vers des destinations situ\u00e9es en dehors de l&#8217;UE. Parfum fruit\u00e9 m\u00ealant des notes de bergamote et de champagne. Fabriqu\u00e9 au Japon RTW-461<\/p>\n","protected":false},"featured_media":1486146,"comment_status":"open","ping_status":"closed","template":"","meta":[],"product_brand":[],"product_cat":[1756,1760],"product_tag":[2244],"acf":[],"_links":{"self":[{"href":"https:\/\/streetmarkets.fr\/app\/wp-json\/wp\/v2\/product\/1486145"}],"collection":[{"href":"https:\/\/streetmarkets.fr\/app\/wp-json\/wp\/v2\/product"}],"about":[{"href":"https:\/\/streetmarkets.fr\/app\/wp-json\/wp\/v2\/types\/product"}],"replies":[{"embeddable":true,"href":"https:\/\/streetmarkets.fr\/app\/wp-json\/wp\/v2\/comments?post=1486145"}],"wp:featuredmedia":[{"embeddable":true,"href":"https:\/\/streetmarkets.fr\/app\/wp-json\/wp\/v2\/media\/1486146"}],"wp:attachment":[{"href":"https:\/\/streetmarkets.fr\/app\/wp-json\/wp\/v2\/media?parent=1486145"}],"wp:term":[{"taxonomy":"product_brand","embeddable":true,"href":"https:\/\/streetmarkets.fr\/app\/wp-json\/wp\/v2\/product_brand?post=1486145"},{"taxonomy":"product_cat","embeddable":true,"href":"https:\/\/streetmarkets.fr\/app\/wp-json\/wp\/v2\/product_cat?post=1486145"},{"taxonomy":"product_tag","embeddable":true,"href":"https:\/\/streetmarkets.fr\/app\/wp-json\/wp\/v2\/product_tag?post=1486145"}],"curies":[{"name":"wp","href":"https:\/\/api.w.org\/{rel}","templated":true}]}}