{"id":1486125,"date":"2025-03-08T03:06:56","date_gmt":"2025-03-08T02:06:56","guid":{"rendered":"https:\/\/streetmarkets.fr\/app\/produit\/roomspray-allen\/"},"modified":"2026-05-17T03:50:29","modified_gmt":"2026-05-17T01:50:29","slug":"roomspray-allen","status":"publish","type":"product","link":"https:\/\/streetmarkets.fr\/app\/produit\/roomspray-allen\/","title":{"rendered":"Roomspray ALLEN*"},"content":{"rendered":"<p style=\"text-align: center\"><strong>En raison des restrictions d&#8217;exp\u00e9dition, nous ne sommes pas en mesure d&#8217;exp\u00e9dier des articles sous pression ou inflammables vers des destinations situ\u00e9es en dehors de l&#8217;UE.<\/strong><\/p>\n<p>Parfum d&#8217;ambiance de lys floral tonique avec une touche acidul\u00e9e.<\/p>\n<p>Fabriqu\u00e9 au Japon<\/p>\n<p>RTW-257<\/p>\n","protected":false},"excerpt":{"rendered":"<p>En raison des restrictions d&#8217;exp\u00e9dition, nous ne sommes pas en mesure d&#8217;exp\u00e9dier des articles sous pression ou inflammables vers des destinations situ\u00e9es en dehors de l&#8217;UE. Parfum d&#8217;ambiance de lys floral tonique avec une touche acidul\u00e9e. Fabriqu\u00e9 au Japon RTW-257<\/p>\n","protected":false},"featured_media":1486126,"comment_status":"open","ping_status":"closed","template":"","meta":[],"product_brand":[],"product_cat":[1756,1760],"product_tag":[2244],"acf":[],"_links":{"self":[{"href":"https:\/\/streetmarkets.fr\/app\/wp-json\/wp\/v2\/product\/1486125"}],"collection":[{"href":"https:\/\/streetmarkets.fr\/app\/wp-json\/wp\/v2\/product"}],"about":[{"href":"https:\/\/streetmarkets.fr\/app\/wp-json\/wp\/v2\/types\/product"}],"replies":[{"embeddable":true,"href":"https:\/\/streetmarkets.fr\/app\/wp-json\/wp\/v2\/comments?post=1486125"}],"wp:featuredmedia":[{"embeddable":true,"href":"https:\/\/streetmarkets.fr\/app\/wp-json\/wp\/v2\/media\/1486126"}],"wp:attachment":[{"href":"https:\/\/streetmarkets.fr\/app\/wp-json\/wp\/v2\/media?parent=1486125"}],"wp:term":[{"taxonomy":"product_brand","embeddable":true,"href":"https:\/\/streetmarkets.fr\/app\/wp-json\/wp\/v2\/product_brand?post=1486125"},{"taxonomy":"product_cat","embeddable":true,"href":"https:\/\/streetmarkets.fr\/app\/wp-json\/wp\/v2\/product_cat?post=1486125"},{"taxonomy":"product_tag","embeddable":true,"href":"https:\/\/streetmarkets.fr\/app\/wp-json\/wp\/v2\/product_tag?post=1486125"}],"curies":[{"name":"wp","href":"https:\/\/api.w.org\/{rel}","templated":true}]}}