{"id":1486117,"date":"2025-03-08T03:06:55","date_gmt":"2025-03-08T02:06:55","guid":{"rendered":"https:\/\/streetmarkets.fr\/app\/produit\/roomspray-natural-mystic\/"},"modified":"2026-05-06T03:50:19","modified_gmt":"2026-05-06T01:50:19","slug":"roomspray-natural-mystic","status":"publish","type":"product","link":"https:\/\/streetmarkets.fr\/app\/produit\/roomspray-natural-mystic\/","title":{"rendered":"Roomspray NATURAL MYSTIC*"},"content":{"rendered":"<p style=\"text-align: center\"><strong>En raison des restrictions d&#8217;exp\u00e9dition, nous ne sommes pas en mesure d&#8217;exp\u00e9dier des articles sous pression ou inflammables vers des destinations situ\u00e9es en dehors de l&#8217;UE.<\/strong><\/p>\n<p>Parfum d&#8217;ambiance myst\u00e9rieux et \u00e9pic\u00e9 aux notes de patchouli et de vanille.<\/p>\n<p>Fabriqu\u00e9 au Japon<\/p>\n<p>RTW-256<\/p>\n","protected":false},"excerpt":{"rendered":"<p>En raison des restrictions d&#8217;exp\u00e9dition, nous ne sommes pas en mesure d&#8217;exp\u00e9dier des articles sous pression ou inflammables vers des destinations situ\u00e9es en dehors de l&#8217;UE. Parfum d&#8217;ambiance myst\u00e9rieux et \u00e9pic\u00e9 aux notes de patchouli et de vanille. Fabriqu\u00e9 au Japon RTW-256<\/p>\n","protected":false},"featured_media":1486118,"comment_status":"open","ping_status":"closed","template":"","meta":[],"product_brand":[],"product_cat":[1756,1760],"product_tag":[2244],"acf":[],"_links":{"self":[{"href":"https:\/\/streetmarkets.fr\/app\/wp-json\/wp\/v2\/product\/1486117"}],"collection":[{"href":"https:\/\/streetmarkets.fr\/app\/wp-json\/wp\/v2\/product"}],"about":[{"href":"https:\/\/streetmarkets.fr\/app\/wp-json\/wp\/v2\/types\/product"}],"replies":[{"embeddable":true,"href":"https:\/\/streetmarkets.fr\/app\/wp-json\/wp\/v2\/comments?post=1486117"}],"wp:featuredmedia":[{"embeddable":true,"href":"https:\/\/streetmarkets.fr\/app\/wp-json\/wp\/v2\/media\/1486118"}],"wp:attachment":[{"href":"https:\/\/streetmarkets.fr\/app\/wp-json\/wp\/v2\/media?parent=1486117"}],"wp:term":[{"taxonomy":"product_brand","embeddable":true,"href":"https:\/\/streetmarkets.fr\/app\/wp-json\/wp\/v2\/product_brand?post=1486117"},{"taxonomy":"product_cat","embeddable":true,"href":"https:\/\/streetmarkets.fr\/app\/wp-json\/wp\/v2\/product_cat?post=1486117"},{"taxonomy":"product_tag","embeddable":true,"href":"https:\/\/streetmarkets.fr\/app\/wp-json\/wp\/v2\/product_tag?post=1486117"}],"curies":[{"name":"wp","href":"https:\/\/api.w.org\/{rel}","templated":true}]}}