{"id":1486109,"date":"2025-03-08T03:06:54","date_gmt":"2025-03-08T02:06:54","guid":{"rendered":"https:\/\/streetmarkets.fr\/app\/produit\/fabric-spray-evelyn\/"},"modified":"2026-05-10T03:50:50","modified_gmt":"2026-05-10T01:50:50","slug":"fabric-spray-evelyn","status":"publish","type":"product","link":"https:\/\/streetmarkets.fr\/app\/produit\/fabric-spray-evelyn\/","title":{"rendered":"Fabric Spray EVELYN*"},"content":{"rendered":"<p>D\u00e9sodorisant &amp; d\u00e9sinfectant textile au parfum fruit\u00e9 m\u00ealant des notes de bergamote et de champagne.<\/p>\n<p>S&#8217;utilise pour les v\u00eatements, chapeaux, baskets, housses de canap\u00e9, couvertures de lit, rideaux, tapis et autres articles m\u00e9nagers lavables.<\/p>\n<p>Contient des agents anti-bact\u00e9riens.<\/p>\n<p>Fabriquer au Japon<\/p>\n<p>RTW-378<\/p>\n","protected":false},"excerpt":{"rendered":"<p>D\u00e9sodorisant &amp; d\u00e9sinfectant textile au parfum fruit\u00e9 m\u00ealant des notes de bergamote et de champagne. S&#8217;utilise pour les v\u00eatements, chapeaux, baskets, housses de canap\u00e9, couvertures de lit, rideaux, tapis et autres articles m\u00e9nagers lavables. Contient des agents anti-bact\u00e9riens. Fabriquer au Japon RTW-378<\/p>\n","protected":false},"featured_media":1486110,"comment_status":"open","ping_status":"closed","template":"","meta":[],"product_brand":[],"product_cat":[1756,1760],"product_tag":[2244],"acf":[],"_links":{"self":[{"href":"https:\/\/streetmarkets.fr\/app\/wp-json\/wp\/v2\/product\/1486109"}],"collection":[{"href":"https:\/\/streetmarkets.fr\/app\/wp-json\/wp\/v2\/product"}],"about":[{"href":"https:\/\/streetmarkets.fr\/app\/wp-json\/wp\/v2\/types\/product"}],"replies":[{"embeddable":true,"href":"https:\/\/streetmarkets.fr\/app\/wp-json\/wp\/v2\/comments?post=1486109"}],"wp:featuredmedia":[{"embeddable":true,"href":"https:\/\/streetmarkets.fr\/app\/wp-json\/wp\/v2\/media\/1486110"}],"wp:attachment":[{"href":"https:\/\/streetmarkets.fr\/app\/wp-json\/wp\/v2\/media?parent=1486109"}],"wp:term":[{"taxonomy":"product_brand","embeddable":true,"href":"https:\/\/streetmarkets.fr\/app\/wp-json\/wp\/v2\/product_brand?post=1486109"},{"taxonomy":"product_cat","embeddable":true,"href":"https:\/\/streetmarkets.fr\/app\/wp-json\/wp\/v2\/product_cat?post=1486109"},{"taxonomy":"product_tag","embeddable":true,"href":"https:\/\/streetmarkets.fr\/app\/wp-json\/wp\/v2\/product_tag?post=1486109"}],"curies":[{"name":"wp","href":"https:\/\/api.w.org\/{rel}","templated":true}]}}