{"id":1486097,"date":"2025-03-08T03:06:53","date_gmt":"2025-03-08T02:06:53","guid":{"rendered":"https:\/\/streetmarkets.fr\/app\/produit\/body-cream-evelyn\/"},"modified":"2026-05-03T03:50:19","modified_gmt":"2026-05-03T01:50:19","slug":"body-cream-evelyn","status":"publish","type":"product","link":"https:\/\/streetmarkets.fr\/app\/produit\/body-cream-evelyn\/","title":{"rendered":"Body Cream EVELYN*"},"content":{"rendered":"<p>Cr\u00e8me hydratante pour le corps au parfum fruit\u00e9 m\u00ealant des notes de bergamote et de champagne.<\/p>\n<p>Contient des c\u00e9ramides et des huiles essentielles naturelles de karit\u00e9 et de carthame, ainsi que des extraits de fleur de camomille, de racine de bardane et de feuille de sauge pour apaiser la peau.<\/p>\n<p>Fabriquer au Japon<\/p>\n<p>RTW-184<\/p>\n","protected":false},"excerpt":{"rendered":"<p>Cr\u00e8me hydratante pour le corps au parfum fruit\u00e9 m\u00ealant des notes de bergamote et de champagne. Contient des c\u00e9ramides et des huiles essentielles naturelles de karit\u00e9 et de carthame, ainsi que des extraits de fleur de camomille, de racine de bardane et de feuille de sauge pour apaiser la peau. Fabriquer au Japon RTW-184<\/p>\n","protected":false},"featured_media":1486098,"comment_status":"open","ping_status":"closed","template":"","meta":[],"product_brand":[],"product_cat":[1756,1760],"product_tag":[2244],"acf":[],"_links":{"self":[{"href":"https:\/\/streetmarkets.fr\/app\/wp-json\/wp\/v2\/product\/1486097"}],"collection":[{"href":"https:\/\/streetmarkets.fr\/app\/wp-json\/wp\/v2\/product"}],"about":[{"href":"https:\/\/streetmarkets.fr\/app\/wp-json\/wp\/v2\/types\/product"}],"replies":[{"embeddable":true,"href":"https:\/\/streetmarkets.fr\/app\/wp-json\/wp\/v2\/comments?post=1486097"}],"wp:featuredmedia":[{"embeddable":true,"href":"https:\/\/streetmarkets.fr\/app\/wp-json\/wp\/v2\/media\/1486098"}],"wp:attachment":[{"href":"https:\/\/streetmarkets.fr\/app\/wp-json\/wp\/v2\/media?parent=1486097"}],"wp:term":[{"taxonomy":"product_brand","embeddable":true,"href":"https:\/\/streetmarkets.fr\/app\/wp-json\/wp\/v2\/product_brand?post=1486097"},{"taxonomy":"product_cat","embeddable":true,"href":"https:\/\/streetmarkets.fr\/app\/wp-json\/wp\/v2\/product_cat?post=1486097"},{"taxonomy":"product_tag","embeddable":true,"href":"https:\/\/streetmarkets.fr\/app\/wp-json\/wp\/v2\/product_tag?post=1486097"}],"curies":[{"name":"wp","href":"https:\/\/api.w.org\/{rel}","templated":true}]}}