{"id":1486085,"date":"2025-03-08T03:06:21","date_gmt":"2025-03-08T02:06:21","guid":{"rendered":"https:\/\/streetmarkets.fr\/app\/produit\/x-fragment-design-lip-balm\/"},"modified":"2026-05-10T03:50:50","modified_gmt":"2026-05-10T01:50:50","slug":"x-fragment-design-lip-balm","status":"publish","type":"product","link":"https:\/\/streetmarkets.fr\/app\/produit\/x-fragment-design-lip-balm\/","title":{"rendered":"x Fragment Design Lip Balm"},"content":{"rendered":"<p>Baume \u00e0 l\u00e8vres l\u00e9g\u00e8rement parfum\u00e9 avec du bois de rose chaleureux et apaisant, de la menthe rafra\u00eechissante et du romarin aromatique pour hydrater et d\u00e9tendre.<\/p>\n<p>Contient du squalane et de la vitamine E pour hydrater et prot\u00e9ger.<\/p>\n<p>Fabriqu\u00e9 au Japon coloris noir<\/p>\n<p>RTW-042<\/p>\n","protected":false},"excerpt":{"rendered":"<p>Baume \u00e0 l\u00e8vres l\u00e9g\u00e8rement parfum\u00e9 avec du bois de rose chaleureux et apaisant, de la menthe rafra\u00eechissante et du romarin aromatique pour hydrater et d\u00e9tendre. Contient du squalane et de la vitamine E pour hydrater et prot\u00e9ger. Fabriqu\u00e9 au Japon coloris noir RTW-042<\/p>\n","protected":false},"featured_media":1486086,"comment_status":"open","ping_status":"closed","template":"","meta":[],"product_brand":[],"product_cat":[1756,1760],"product_tag":[2244,1811],"acf":[],"_links":{"self":[{"href":"https:\/\/streetmarkets.fr\/app\/wp-json\/wp\/v2\/product\/1486085"}],"collection":[{"href":"https:\/\/streetmarkets.fr\/app\/wp-json\/wp\/v2\/product"}],"about":[{"href":"https:\/\/streetmarkets.fr\/app\/wp-json\/wp\/v2\/types\/product"}],"replies":[{"embeddable":true,"href":"https:\/\/streetmarkets.fr\/app\/wp-json\/wp\/v2\/comments?post=1486085"}],"wp:featuredmedia":[{"embeddable":true,"href":"https:\/\/streetmarkets.fr\/app\/wp-json\/wp\/v2\/media\/1486086"}],"wp:attachment":[{"href":"https:\/\/streetmarkets.fr\/app\/wp-json\/wp\/v2\/media?parent=1486085"}],"wp:term":[{"taxonomy":"product_brand","embeddable":true,"href":"https:\/\/streetmarkets.fr\/app\/wp-json\/wp\/v2\/product_brand?post=1486085"},{"taxonomy":"product_cat","embeddable":true,"href":"https:\/\/streetmarkets.fr\/app\/wp-json\/wp\/v2\/product_cat?post=1486085"},{"taxonomy":"product_tag","embeddable":true,"href":"https:\/\/streetmarkets.fr\/app\/wp-json\/wp\/v2\/product_tag?post=1486085"}],"curies":[{"name":"wp","href":"https:\/\/api.w.org\/{rel}","templated":true}]}}