{"id":1486069,"date":"2025-03-08T03:06:19","date_gmt":"2025-03-08T02:06:19","guid":{"rendered":"https:\/\/streetmarkets.fr\/app\/produit\/body-shampoo-allen\/"},"modified":"2026-05-13T03:51:15","modified_gmt":"2026-05-13T01:51:15","slug":"body-shampoo-allen","status":"publish","type":"product","link":"https:\/\/streetmarkets.fr\/app\/produit\/body-shampoo-allen\/","title":{"rendered":"Body Shampoo ALLEN*"},"content":{"rendered":"<p>Shampoing corporel au parfum de lys floral tonique avec une touche acidul\u00e9e.<\/p>\n<p>Formule sans silicone avec du collag\u00e8ne et de l&#8217;acide hyaluronique pour un rendu hydrat\u00e9 et doux.<\/p>\n<p>Convient \u00e9galement aux cheveux.<\/p>\n<p>Fabriqu\u00e9 au Japon<\/p>\n<p>RTW-405<\/p>\n","protected":false},"excerpt":{"rendered":"<p>Shampoing corporel au parfum de lys floral tonique avec une touche acidul\u00e9e. Formule sans silicone avec du collag\u00e8ne et de l&#8217;acide hyaluronique pour un rendu hydrat\u00e9 et doux. Convient \u00e9galement aux cheveux. Fabriqu\u00e9 au Japon RTW-405<\/p>\n","protected":false},"featured_media":1486070,"comment_status":"open","ping_status":"closed","template":"","meta":[],"product_brand":[],"product_cat":[1756,1760],"product_tag":[2244,1811],"acf":[],"_links":{"self":[{"href":"https:\/\/streetmarkets.fr\/app\/wp-json\/wp\/v2\/product\/1486069"}],"collection":[{"href":"https:\/\/streetmarkets.fr\/app\/wp-json\/wp\/v2\/product"}],"about":[{"href":"https:\/\/streetmarkets.fr\/app\/wp-json\/wp\/v2\/types\/product"}],"replies":[{"embeddable":true,"href":"https:\/\/streetmarkets.fr\/app\/wp-json\/wp\/v2\/comments?post=1486069"}],"wp:featuredmedia":[{"embeddable":true,"href":"https:\/\/streetmarkets.fr\/app\/wp-json\/wp\/v2\/media\/1486070"}],"wp:attachment":[{"href":"https:\/\/streetmarkets.fr\/app\/wp-json\/wp\/v2\/media?parent=1486069"}],"wp:term":[{"taxonomy":"product_brand","embeddable":true,"href":"https:\/\/streetmarkets.fr\/app\/wp-json\/wp\/v2\/product_brand?post=1486069"},{"taxonomy":"product_cat","embeddable":true,"href":"https:\/\/streetmarkets.fr\/app\/wp-json\/wp\/v2\/product_cat?post=1486069"},{"taxonomy":"product_tag","embeddable":true,"href":"https:\/\/streetmarkets.fr\/app\/wp-json\/wp\/v2\/product_tag?post=1486069"}],"curies":[{"name":"wp","href":"https:\/\/api.w.org\/{rel}","templated":true}]}}