{"id":1486061,"date":"2025-03-08T03:06:19","date_gmt":"2025-03-08T02:06:19","guid":{"rendered":"https:\/\/streetmarkets.fr\/app\/produit\/body-shampoo-barney-2\/"},"modified":"2026-05-13T03:51:15","modified_gmt":"2026-05-13T01:51:15","slug":"body-shampoo-barney-2","status":"publish","type":"product","link":"https:\/\/streetmarkets.fr\/app\/produit\/body-shampoo-barney-2\/","title":{"rendered":"Body Shampoo BARNEY*"},"content":{"rendered":"<p>Shampoing corporel au parfum propre et relaxant de bulles de savon infus\u00e9 d&#8217;ozone et de bois de c\u00e8dre.<\/p>\n<p>Formule sans silicone avec du collag\u00e8ne et de l&#8217;acide hyaluronique pour un rendu hydrat\u00e9 et doux.<\/p>\n<p>Convient \u00e9galement aux cheveux.<\/p>\n<p>Fabriqu\u00e9 au Japon<\/p>\n<p>RTW-407<\/p>\n","protected":false},"excerpt":{"rendered":"<p>Shampoing corporel au parfum propre et relaxant de bulles de savon infus\u00e9 d&#8217;ozone et de bois de c\u00e8dre. Formule sans silicone avec du collag\u00e8ne et de l&#8217;acide hyaluronique pour un rendu hydrat\u00e9 et doux. Convient \u00e9galement aux cheveux. Fabriqu\u00e9 au Japon RTW-407<\/p>\n","protected":false},"featured_media":1486062,"comment_status":"open","ping_status":"closed","template":"","meta":[],"product_brand":[],"product_cat":[1756,1760],"product_tag":[2244,1811],"acf":[],"_links":{"self":[{"href":"https:\/\/streetmarkets.fr\/app\/wp-json\/wp\/v2\/product\/1486061"}],"collection":[{"href":"https:\/\/streetmarkets.fr\/app\/wp-json\/wp\/v2\/product"}],"about":[{"href":"https:\/\/streetmarkets.fr\/app\/wp-json\/wp\/v2\/types\/product"}],"replies":[{"embeddable":true,"href":"https:\/\/streetmarkets.fr\/app\/wp-json\/wp\/v2\/comments?post=1486061"}],"wp:featuredmedia":[{"embeddable":true,"href":"https:\/\/streetmarkets.fr\/app\/wp-json\/wp\/v2\/media\/1486062"}],"wp:attachment":[{"href":"https:\/\/streetmarkets.fr\/app\/wp-json\/wp\/v2\/media?parent=1486061"}],"wp:term":[{"taxonomy":"product_brand","embeddable":true,"href":"https:\/\/streetmarkets.fr\/app\/wp-json\/wp\/v2\/product_brand?post=1486061"},{"taxonomy":"product_cat","embeddable":true,"href":"https:\/\/streetmarkets.fr\/app\/wp-json\/wp\/v2\/product_cat?post=1486061"},{"taxonomy":"product_tag","embeddable":true,"href":"https:\/\/streetmarkets.fr\/app\/wp-json\/wp\/v2\/product_tag?post=1486061"}],"curies":[{"name":"wp","href":"https:\/\/api.w.org\/{rel}","templated":true}]}}