{"id":1486007,"date":"2025-03-08T03:06:11","date_gmt":"2025-03-08T02:06:11","guid":{"rendered":"https:\/\/streetmarkets.fr\/app\/produit\/candle-barney-2\/"},"modified":"2026-05-16T03:50:15","modified_gmt":"2026-05-16T01:50:15","slug":"candle-barney-2","status":"publish","type":"product","link":"https:\/\/streetmarkets.fr\/app\/produit\/candle-barney-2\/","title":{"rendered":"Candle BARNEY*"},"content":{"rendered":"<p>Bougies au parfum fruit\u00e9 m\u00ealant des notes de bergamote et de champagne.<\/p>\n<p>Fabriqu\u00e9es \u00e0 partir d&#8217;un m\u00e9lange soigneux d&#8217;huiles de parfum authentiques.<\/p>\n<p>Dur\u00e9e de combustion estim\u00e9e \u00e0 42 heures.<\/p>\n<p>Fabriqu\u00e9 au Japon<\/p>\n<p>RTW-399<\/p>\n","protected":false},"excerpt":{"rendered":"<p>Bougies au parfum fruit\u00e9 m\u00ealant des notes de bergamote et de champagne. Fabriqu\u00e9es \u00e0 partir d&#8217;un m\u00e9lange soigneux d&#8217;huiles de parfum authentiques. Dur\u00e9e de combustion estim\u00e9e \u00e0 42 heures. Fabriqu\u00e9 au Japon RTW-399<\/p>\n","protected":false},"featured_media":1486008,"comment_status":"open","ping_status":"closed","template":"","meta":[],"product_brand":[],"product_cat":[1756,1760],"product_tag":[2244,1811],"acf":[],"_links":{"self":[{"href":"https:\/\/streetmarkets.fr\/app\/wp-json\/wp\/v2\/product\/1486007"}],"collection":[{"href":"https:\/\/streetmarkets.fr\/app\/wp-json\/wp\/v2\/product"}],"about":[{"href":"https:\/\/streetmarkets.fr\/app\/wp-json\/wp\/v2\/types\/product"}],"replies":[{"embeddable":true,"href":"https:\/\/streetmarkets.fr\/app\/wp-json\/wp\/v2\/comments?post=1486007"}],"wp:featuredmedia":[{"embeddable":true,"href":"https:\/\/streetmarkets.fr\/app\/wp-json\/wp\/v2\/media\/1486008"}],"wp:attachment":[{"href":"https:\/\/streetmarkets.fr\/app\/wp-json\/wp\/v2\/media?parent=1486007"}],"wp:term":[{"taxonomy":"product_brand","embeddable":true,"href":"https:\/\/streetmarkets.fr\/app\/wp-json\/wp\/v2\/product_brand?post=1486007"},{"taxonomy":"product_cat","embeddable":true,"href":"https:\/\/streetmarkets.fr\/app\/wp-json\/wp\/v2\/product_cat?post=1486007"},{"taxonomy":"product_tag","embeddable":true,"href":"https:\/\/streetmarkets.fr\/app\/wp-json\/wp\/v2\/product_tag?post=1486007"}],"curies":[{"name":"wp","href":"https:\/\/api.w.org\/{rel}","templated":true}]}}