{"id":1481431,"date":"2025-03-08T01:04:10","date_gmt":"2025-03-08T00:04:10","guid":{"rendered":"https:\/\/streetmarkets.fr\/app\/produit\/nouveau-dragon-diffusion-sac-grace-cannage-tan\/"},"modified":"2025-09-03T02:07:10","modified_gmt":"2025-09-03T00:07:10","slug":"nouveau-dragon-diffusion-sac-grace-cannage-tan","status":"publish","type":"product","link":"https:\/\/streetmarkets.fr\/app\/produit\/nouveau-dragon-diffusion-sac-grace-cannage-tan\/","title":{"rendered":"DRAGON DIFFUSION Sac Grace Cannage Tan"},"content":{"rendered":"<p data-rte-preserve-empty=\"true\">Le sac Grace Cannage est tout en cuir tress\u00e9, ses deux anses lui permettent un port\u00e9 main ou \u00e9paule, il poss\u00e8de une petite m\u00e9daille Saint Christophe cousue \u00e0 la main \u00e0 l\u2019int\u00e9rieur de chaque sac, gage d\u2019authenticit\u00e9 de la marque. <\/p>\n<p data-rte-preserve-empty=\"true\">Ses dimensions : 32 x 19 x 23cm, longueur anse 16cm. \u00c9galement disponible dans la couleur Natural.<\/p>\n<p data-rte-preserve-empty=\"true\">D\u00e9tail : 100% cuir de veau, ce produit est une fabrication artisanale et non industriel, il permet la pr\u00e9servation de savoir-faire ancestraux et le respect de tout ceux qui participent \u00e0 sa fabrication, les variations de couleurs entre chaque pi\u00e8ces lui offre ses particularit\u00e9s qui en fond un produit unique et pr\u00e9cieux. <\/p>\n<p data-rte-preserve-empty=\"true\">\n","protected":false},"excerpt":{"rendered":"<p>Le sac Grace Cannage est tout en cuir tress\u00e9, ses deux anses lui permettent un port\u00e9 main ou \u00e9paule, il poss\u00e8de une petite m\u00e9daille Saint Christophe cousue \u00e0 la main \u00e0 l\u2019int\u00e9rieur de chaque sac, gage d\u2019authenticit\u00e9 de la marque. Ses dimensions : 32 x 19 x 23cm, longueur anse 16cm. \u00c9galement disponible dans la [&hellip;]<\/p>\n","protected":false},"featured_media":1481432,"comment_status":"open","ping_status":"closed","template":"","meta":[],"product_brand":[],"product_cat":[1756,1764],"product_tag":[2244],"acf":[],"_links":{"self":[{"href":"https:\/\/streetmarkets.fr\/app\/wp-json\/wp\/v2\/product\/1481431"}],"collection":[{"href":"https:\/\/streetmarkets.fr\/app\/wp-json\/wp\/v2\/product"}],"about":[{"href":"https:\/\/streetmarkets.fr\/app\/wp-json\/wp\/v2\/types\/product"}],"replies":[{"embeddable":true,"href":"https:\/\/streetmarkets.fr\/app\/wp-json\/wp\/v2\/comments?post=1481431"}],"wp:featuredmedia":[{"embeddable":true,"href":"https:\/\/streetmarkets.fr\/app\/wp-json\/wp\/v2\/media\/1481432"}],"wp:attachment":[{"href":"https:\/\/streetmarkets.fr\/app\/wp-json\/wp\/v2\/media?parent=1481431"}],"wp:term":[{"taxonomy":"product_brand","embeddable":true,"href":"https:\/\/streetmarkets.fr\/app\/wp-json\/wp\/v2\/product_brand?post=1481431"},{"taxonomy":"product_cat","embeddable":true,"href":"https:\/\/streetmarkets.fr\/app\/wp-json\/wp\/v2\/product_cat?post=1481431"},{"taxonomy":"product_tag","embeddable":true,"href":"https:\/\/streetmarkets.fr\/app\/wp-json\/wp\/v2\/product_tag?post=1481431"}],"curies":[{"name":"wp","href":"https:\/\/api.w.org\/{rel}","templated":true}]}}