{"id":1481068,"date":"2025-03-08T00:48:43","date_gmt":"2025-03-07T23:48:43","guid":{"rendered":"https:\/\/streetmarkets.fr\/app\/produit\/pull-marin-susi-en-coton-recycle\/"},"modified":"2026-05-13T01:44:02","modified_gmt":"2026-05-12T23:44:02","slug":"pull-marin-susi-en-coton-recycle","status":"publish","type":"product","link":"https:\/\/streetmarkets.fr\/app\/produit\/pull-marin-susi-en-coton-recycle\/","title":{"rendered":"Pull marin Susi en coton recycl\u00e9"},"content":{"rendered":"<ul>\n<li>pull <strong>marin rayures<\/strong> \u00e9cru et gris anthracite<\/li>\n<li>piqu\u00e9 de coton\u00a0<\/li>\n<li>50<strong>% coton recycl\u00e9 <\/strong>et 50<strong>% coton bio<\/strong>\u00a0<\/li>\n<li>manches courtes<\/li>\n<li>marque<strong> \u00e9thique<\/strong> de l&#8217;\u00e9conomie circulaire <strong>Rifo<\/strong>\n<\/li>\n<\/ul>\n<p><strong>Ce pull est \u00e9labor\u00e9 du d\u00e9but (filage et recyclage du fil de coton) \u00e0 la fin (tricot et confection) en Toscane autour de la ville de Prato (Italie) \u2764<\/strong><\/p>\n","protected":false},"excerpt":{"rendered":"<p>pull marin rayures \u00e9cru et gris anthracite piqu\u00e9 de coton\u00a0 50% coton recycl\u00e9 et 50% coton bio\u00a0 manches courtes marque \u00e9thique de l&#8217;\u00e9conomie circulaire Rifo Ce pull est \u00e9labor\u00e9 du d\u00e9but (filage et recyclage du fil de coton) \u00e0 la fin (tricot et confection) en Toscane autour de la ville de Prato (Italie) \u2764<\/p>\n","protected":false},"featured_media":1481069,"comment_status":"open","ping_status":"closed","template":"","meta":[],"product_brand":[],"product_cat":[1756,1762],"product_tag":[1810],"acf":[],"_links":{"self":[{"href":"https:\/\/streetmarkets.fr\/app\/wp-json\/wp\/v2\/product\/1481068"}],"collection":[{"href":"https:\/\/streetmarkets.fr\/app\/wp-json\/wp\/v2\/product"}],"about":[{"href":"https:\/\/streetmarkets.fr\/app\/wp-json\/wp\/v2\/types\/product"}],"replies":[{"embeddable":true,"href":"https:\/\/streetmarkets.fr\/app\/wp-json\/wp\/v2\/comments?post=1481068"}],"wp:featuredmedia":[{"embeddable":true,"href":"https:\/\/streetmarkets.fr\/app\/wp-json\/wp\/v2\/media\/1481069"}],"wp:attachment":[{"href":"https:\/\/streetmarkets.fr\/app\/wp-json\/wp\/v2\/media?parent=1481068"}],"wp:term":[{"taxonomy":"product_brand","embeddable":true,"href":"https:\/\/streetmarkets.fr\/app\/wp-json\/wp\/v2\/product_brand?post=1481068"},{"taxonomy":"product_cat","embeddable":true,"href":"https:\/\/streetmarkets.fr\/app\/wp-json\/wp\/v2\/product_cat?post=1481068"},{"taxonomy":"product_tag","embeddable":true,"href":"https:\/\/streetmarkets.fr\/app\/wp-json\/wp\/v2\/product_tag?post=1481068"}],"curies":[{"name":"wp","href":"https:\/\/api.w.org\/{rel}","templated":true}]}}