{"id":1481046,"date":"2025-03-08T00:48:39","date_gmt":"2025-03-07T23:48:39","guid":{"rendered":"https:\/\/streetmarkets.fr\/app\/produit\/tee-shirt-mimma-en-coton-recycle\/"},"modified":"2026-05-09T01:43:59","modified_gmt":"2026-05-08T23:43:59","slug":"tee-shirt-mimma-en-coton-recycle","status":"publish","type":"product","link":"https:\/\/streetmarkets.fr\/app\/produit\/tee-shirt-mimma-en-coton-recycle\/","title":{"rendered":"Tee-shirt Mimma en coton recycl\u00e9"},"content":{"rendered":"<ul>\n<li><b>tee-shirt basique<\/b><\/li>\n<li>col rond\u00a0<\/li>\n<li>50<strong>% coton recycl\u00e9 <\/strong>et 50<strong>% coton bio<\/strong>\u00a0<\/li>\n<li>disponible en <strong>bleu<\/strong> marine ou en <strong>noir<\/strong>\u00a0<\/li>\n<li>marque<strong> \u00e9thique<\/strong> italienne de l&#8217;\u00e9conomie <strong>circulaire : Rif\u00f2<\/strong>\n<\/li>\n<\/ul>\n<p><strong>Vous cherchez un tee-shirt basique de qualit\u00e9 ?! Vous l&#8217;avez trouv\u00e9 \ud83d\ude09<\/strong><\/p>\n<p><\/p>\n","protected":false},"excerpt":{"rendered":"<p>tee-shirt basique col rond\u00a0 50% coton recycl\u00e9 et 50% coton bio\u00a0 disponible en bleu marine ou en noir\u00a0 marque \u00e9thique italienne de l&#8217;\u00e9conomie circulaire : Rif\u00f2 Vous cherchez un tee-shirt basique de qualit\u00e9 ?! Vous l&#8217;avez trouv\u00e9 \ud83d\ude09<\/p>\n","protected":false},"featured_media":1481047,"comment_status":"open","ping_status":"closed","template":"","meta":[],"product_brand":[],"product_cat":[1756,1762],"product_tag":[1810],"acf":[],"_links":{"self":[{"href":"https:\/\/streetmarkets.fr\/app\/wp-json\/wp\/v2\/product\/1481046"}],"collection":[{"href":"https:\/\/streetmarkets.fr\/app\/wp-json\/wp\/v2\/product"}],"about":[{"href":"https:\/\/streetmarkets.fr\/app\/wp-json\/wp\/v2\/types\/product"}],"replies":[{"embeddable":true,"href":"https:\/\/streetmarkets.fr\/app\/wp-json\/wp\/v2\/comments?post=1481046"}],"wp:featuredmedia":[{"embeddable":true,"href":"https:\/\/streetmarkets.fr\/app\/wp-json\/wp\/v2\/media\/1481047"}],"wp:attachment":[{"href":"https:\/\/streetmarkets.fr\/app\/wp-json\/wp\/v2\/media?parent=1481046"}],"wp:term":[{"taxonomy":"product_brand","embeddable":true,"href":"https:\/\/streetmarkets.fr\/app\/wp-json\/wp\/v2\/product_brand?post=1481046"},{"taxonomy":"product_cat","embeddable":true,"href":"https:\/\/streetmarkets.fr\/app\/wp-json\/wp\/v2\/product_cat?post=1481046"},{"taxonomy":"product_tag","embeddable":true,"href":"https:\/\/streetmarkets.fr\/app\/wp-json\/wp\/v2\/product_tag?post=1481046"}],"curies":[{"name":"wp","href":"https:\/\/api.w.org\/{rel}","templated":true}]}}